{"id":100,"date":"2019-12-28T09:32:51","date_gmt":"2019-12-28T09:32:51","guid":{"rendered":"http:\/\/pvaphotography.cz\/?page_id=100"},"modified":"2022-07-10T21:26:15","modified_gmt":"2022-07-10T21:26:15","slug":"blog","status":"publish","type":"page","link":"https:\/\/www.pvaphotography.cz\/?page_id=100","title":{"rendered":"BLOG"},"content":{"rendered":"\n<p><\/p>\n\n\n\n<h2 class=\"wp-block-heading\"><strong>fotoapar\u00e1t Fujifilm X-T200<\/strong><\/h2>\n\n\n\n<p>v p\u0159\u00edprav\u011b&#8230;<\/p>\n\n\n\n<h2 class=\"wp-block-heading\"><strong>fotoapar\u00e1t Fujifilm X-S10<\/strong><\/h2>\n\n\n\n<p>v p\u0159\u00edprav\u011b&#8230;<\/p>\n\n\n\n<p><\/p>\n","protected":false},"excerpt":{"rendered":"<p>fotoapar\u00e1t Fujifilm X-T200 v p\u0159\u00edprav\u011b&#8230; fotoapar\u00e1t Fujifilm X-S10 v p\u0159\u00edprav\u011b&#8230;<\/p>\n","protected":false},"author":1,"featured_media":0,"parent":0,"menu_order":5,"comment_status":"open","ping_status":"closed","template":"","meta":{"footnotes":""},"class_list":["post-100","page","type-page","status-publish","hentry"],"_links":{"self":[{"href":"https:\/\/www.pvaphotography.cz\/index.php?rest_route=\/wp\/v2\/pages\/100","targetHints":{"allow":["GET"]}}],"collection":[{"href":"https:\/\/www.pvaphotography.cz\/index.php?rest_route=\/wp\/v2\/pages"}],"about":[{"href":"https:\/\/www.pvaphotography.cz\/index.php?rest_route=\/wp\/v2\/types\/page"}],"author":[{"embeddable":true,"href":"https:\/\/www.pvaphotography.cz\/index.php?rest_route=\/wp\/v2\/users\/1"}],"replies":[{"embeddable":true,"href":"https:\/\/www.pvaphotography.cz\/index.php?rest_route=%2Fwp%2Fv2%2Fcomments&post=100"}],"version-history":[{"count":20,"href":"https:\/\/www.pvaphotography.cz\/index.php?rest_route=\/wp\/v2\/pages\/100\/revisions"}],"predecessor-version":[{"id":11840,"href":"https:\/\/www.pvaphotography.cz\/index.php?rest_route=\/wp\/v2\/pages\/100\/revisions\/11840"}],"wp:attachment":[{"href":"https:\/\/www.pvaphotography.cz\/index.php?rest_route=%2Fwp%2Fv2%2Fmedia&parent=100"}],"curies":[{"name":"wp","href":"https:\/\/api.w.org\/{rel}","templated":true}]}}