{"id":1026,"date":"2020-06-15T21:03:46","date_gmt":"2020-06-15T21:03:46","guid":{"rendered":"https:\/\/www.pvaphotography.cz\/?page_id=1026"},"modified":"2021-01-22T23:39:47","modified_gmt":"2021-01-22T23:39:47","slug":"jarni-vyzva","status":"publish","type":"page","link":"https:\/\/www.pvaphotography.cz\/?page_id=1026","title":{"rendered":"JARN\u00cd V\u00ddZVA"},"content":{"rendered":"\n<figure class=\"wp-block-gallery columns-4 is-cropped wp-block-gallery-1 is-layout-flex wp-block-gallery-is-layout-flex\"><ul class=\"blocks-gallery-grid\"><li class=\"blocks-gallery-item\"><figure><a href=\"https:\/\/www.pvaphotography.cz\/wp-content\/uploads\/2020\/06\/DSC09223-upraven\u00fd-upraven\u00fd-upraven\u00fd-2.jpg\"><img loading=\"lazy\" decoding=\"async\" width=\"1362\" height=\"1920\" src=\"https:\/\/www.pvaphotography.cz\/wp-content\/uploads\/2020\/06\/DSC09223-upraven\u00fd-upraven\u00fd-upraven\u00fd-2.jpg\" alt=\"\" data-id=\"1043\" data-link=\"https:\/\/www.pvaphotography.cz\/jarni-vyzva\/attachment\/dsc09223-upraveny-upraveny-upraveny-2-2\/\" class=\"wp-image-1043\" srcset=\"https:\/\/www.pvaphotography.cz\/wp-content\/uploads\/2020\/06\/DSC09223-upraven\u00fd-upraven\u00fd-upraven\u00fd-2.jpg 1362w, https:\/\/www.pvaphotography.cz\/wp-content\/uploads\/2020\/06\/DSC09223-upraven\u00fd-upraven\u00fd-upraven\u00fd-2-213x300.jpg 213w, https:\/\/www.pvaphotography.cz\/wp-content\/uploads\/2020\/06\/DSC09223-upraven\u00fd-upraven\u00fd-upraven\u00fd-2-726x1024.jpg 726w, https:\/\/www.pvaphotography.cz\/wp-content\/uploads\/2020\/06\/DSC09223-upraven\u00fd-upraven\u00fd-upraven\u00fd-2-768x1083.jpg 768w, https:\/\/www.pvaphotography.cz\/wp-content\/uploads\/2020\/06\/DSC09223-upraven\u00fd-upraven\u00fd-upraven\u00fd-2-1090x1536.jpg 1090w\" sizes=\"auto, (max-width: 1362px) 100vw, 1362px\" \/><\/a><\/figure><\/li><li class=\"blocks-gallery-item\"><figure><a href=\"https:\/\/www.pvaphotography.cz\/wp-content\/uploads\/2020\/06\/DSC09279-upraven\u00fd-1.jpg\"><img loading=\"lazy\" decoding=\"async\" width=\"1280\" height=\"1920\" src=\"https:\/\/www.pvaphotography.cz\/wp-content\/uploads\/2020\/06\/DSC09279-upraven\u00fd-1.jpg\" alt=\"\" data-id=\"1044\" data-link=\"https:\/\/www.pvaphotography.cz\/jarni-vyzva\/attachment\/dsc09279-upraveny-1\/\" class=\"wp-image-1044\" srcset=\"https:\/\/www.pvaphotography.cz\/wp-content\/uploads\/2020\/06\/DSC09279-upraven\u00fd-1.jpg 1280w, https:\/\/www.pvaphotography.cz\/wp-content\/uploads\/2020\/06\/DSC09279-upraven\u00fd-1-200x300.jpg 200w, https:\/\/www.pvaphotography.cz\/wp-content\/uploads\/2020\/06\/DSC09279-upraven\u00fd-1-683x1024.jpg 683w, https:\/\/www.pvaphotography.cz\/wp-content\/uploads\/2020\/06\/DSC09279-upraven\u00fd-1-768x1152.jpg 768w, https:\/\/www.pvaphotography.cz\/wp-content\/uploads\/2020\/06\/DSC09279-upraven\u00fd-1-1024x1536.jpg 1024w\" sizes=\"auto, (max-width: 1280px) 100vw, 1280px\" \/><\/a><\/figure><\/li><li class=\"blocks-gallery-item\"><figure><a href=\"https:\/\/www.pvaphotography.cz\/wp-content\/uploads\/2020\/06\/DSC0575-upraven\u00fd-upraven\u00fd-2.jpg\"><img loading=\"lazy\" decoding=\"async\" width=\"1280\" height=\"1920\" src=\"https:\/\/www.pvaphotography.cz\/wp-content\/uploads\/2020\/06\/DSC0575-upraven\u00fd-upraven\u00fd-2.jpg\" alt=\"\" data-id=\"1048\" data-full-url=\"https:\/\/www.pvaphotography.cz\/wp-content\/uploads\/2020\/06\/DSC0575-upraven\u00fd-upraven\u00fd-2.jpg\" data-link=\"https:\/\/www.pvaphotography.cz\/jarni-vyzva\/attachment\/dsc0575-upraveny-upraveny-2\/\" class=\"wp-image-1048\" srcset=\"https:\/\/www.pvaphotography.cz\/wp-content\/uploads\/2020\/06\/DSC0575-upraven\u00fd-upraven\u00fd-2.jpg 1280w, https:\/\/www.pvaphotography.cz\/wp-content\/uploads\/2020\/06\/DSC0575-upraven\u00fd-upraven\u00fd-2-200x300.jpg 200w, https:\/\/www.pvaphotography.cz\/wp-content\/uploads\/2020\/06\/DSC0575-upraven\u00fd-upraven\u00fd-2-683x1024.jpg 683w, https:\/\/www.pvaphotography.cz\/wp-content\/uploads\/2020\/06\/DSC0575-upraven\u00fd-upraven\u00fd-2-768x1152.jpg 768w, https:\/\/www.pvaphotography.cz\/wp-content\/uploads\/2020\/06\/DSC0575-upraven\u00fd-upraven\u00fd-2-1024x1536.jpg 1024w\" sizes=\"auto, (max-width: 1280px) 100vw, 1280px\" \/><\/a><\/figure><\/li><li class=\"blocks-gallery-item\"><figure><a href=\"https:\/\/www.pvaphotography.cz\/wp-content\/uploads\/2020\/06\/DSC0485-2.jpg\"><img loading=\"lazy\" decoding=\"async\" width=\"1280\" height=\"1920\" src=\"https:\/\/www.pvaphotography.cz\/wp-content\/uploads\/2020\/06\/DSC0485-2.jpg\" alt=\"\" data-id=\"1042\" data-link=\"https:\/\/www.pvaphotography.cz\/jarni-vyzva\/attachment\/dsc0485-2\/\" class=\"wp-image-1042\" srcset=\"https:\/\/www.pvaphotography.cz\/wp-content\/uploads\/2020\/06\/DSC0485-2.jpg 1280w, https:\/\/www.pvaphotography.cz\/wp-content\/uploads\/2020\/06\/DSC0485-2-200x300.jpg 200w, https:\/\/www.pvaphotography.cz\/wp-content\/uploads\/2020\/06\/DSC0485-2-683x1024.jpg 683w, https:\/\/www.pvaphotography.cz\/wp-content\/uploads\/2020\/06\/DSC0485-2-768x1152.jpg 768w, https:\/\/www.pvaphotography.cz\/wp-content\/uploads\/2020\/06\/DSC0485-2-1024x1536.jpg 1024w\" sizes=\"auto, (max-width: 1280px) 100vw, 1280px\" \/><\/a><\/figure><\/li><\/ul><\/figure>\n\n\n\n<figure class=\"wp-block-gallery columns-3 is-cropped wp-block-gallery-2 is-layout-flex wp-block-gallery-is-layout-flex\"><ul class=\"blocks-gallery-grid\"><li class=\"blocks-gallery-item\"><figure><a href=\"https:\/\/www.pvaphotography.cz\/wp-content\/uploads\/2020\/06\/DSC0066-upraven\u00fd.jpg\"><img loading=\"lazy\" decoding=\"async\" width=\"1280\" height=\"1920\" src=\"https:\/\/www.pvaphotography.cz\/wp-content\/uploads\/2020\/06\/DSC0066-upraven\u00fd.jpg\" alt=\"\" data-id=\"1054\" data-full-url=\"https:\/\/www.pvaphotography.cz\/wp-content\/uploads\/2020\/06\/DSC0066-upraven\u00fd.jpg\" data-link=\"https:\/\/www.pvaphotography.cz\/jarni-vyzva\/attachment\/dsc0066-upraveny\/\" class=\"wp-image-1054\" srcset=\"https:\/\/www.pvaphotography.cz\/wp-content\/uploads\/2020\/06\/DSC0066-upraven\u00fd.jpg 1280w, https:\/\/www.pvaphotography.cz\/wp-content\/uploads\/2020\/06\/DSC0066-upraven\u00fd-200x300.jpg 200w, https:\/\/www.pvaphotography.cz\/wp-content\/uploads\/2020\/06\/DSC0066-upraven\u00fd-683x1024.jpg 683w, https:\/\/www.pvaphotography.cz\/wp-content\/uploads\/2020\/06\/DSC0066-upraven\u00fd-768x1152.jpg 768w, https:\/\/www.pvaphotography.cz\/wp-content\/uploads\/2020\/06\/DSC0066-upraven\u00fd-1024x1536.jpg 1024w\" sizes=\"auto, (max-width: 1280px) 100vw, 1280px\" \/><\/a><\/figure><\/li><li class=\"blocks-gallery-item\"><figure><a href=\"https:\/\/www.pvaphotography.cz\/wp-content\/uploads\/2020\/06\/DSC0067-upraven\u00fd-upraven\u00fd-upraven\u00fd-2.jpg\"><img loading=\"lazy\" decoding=\"async\" width=\"1280\" height=\"1920\" src=\"https:\/\/www.pvaphotography.cz\/wp-content\/uploads\/2020\/06\/DSC0067-upraven\u00fd-upraven\u00fd-upraven\u00fd-2.jpg\" alt=\"\" data-id=\"1055\" data-full-url=\"https:\/\/www.pvaphotography.cz\/wp-content\/uploads\/2020\/06\/DSC0067-upraven\u00fd-upraven\u00fd-upraven\u00fd-2.jpg\" data-link=\"https:\/\/www.pvaphotography.cz\/jarni-vyzva\/attachment\/dsc0067-upraveny-upraveny-upraveny-2\/\" class=\"wp-image-1055\" srcset=\"https:\/\/www.pvaphotography.cz\/wp-content\/uploads\/2020\/06\/DSC0067-upraven\u00fd-upraven\u00fd-upraven\u00fd-2.jpg 1280w, https:\/\/www.pvaphotography.cz\/wp-content\/uploads\/2020\/06\/DSC0067-upraven\u00fd-upraven\u00fd-upraven\u00fd-2-200x300.jpg 200w, https:\/\/www.pvaphotography.cz\/wp-content\/uploads\/2020\/06\/DSC0067-upraven\u00fd-upraven\u00fd-upraven\u00fd-2-683x1024.jpg 683w, https:\/\/www.pvaphotography.cz\/wp-content\/uploads\/2020\/06\/DSC0067-upraven\u00fd-upraven\u00fd-upraven\u00fd-2-768x1152.jpg 768w, https:\/\/www.pvaphotography.cz\/wp-content\/uploads\/2020\/06\/DSC0067-upraven\u00fd-upraven\u00fd-upraven\u00fd-2-1024x1536.jpg 1024w\" sizes=\"auto, (max-width: 1280px) 100vw, 1280px\" \/><\/a><\/figure><\/li><li class=\"blocks-gallery-item\"><figure><a href=\"https:\/\/www.pvaphotography.cz\/wp-content\/uploads\/2020\/06\/DSC0090-upraven\u00fd-upraven\u00fd-upraven\u00fd.jpg\"><img loading=\"lazy\" decoding=\"async\" width=\"1280\" height=\"1920\" src=\"https:\/\/www.pvaphotography.cz\/wp-content\/uploads\/2020\/06\/DSC0090-upraven\u00fd-upraven\u00fd-upraven\u00fd.jpg\" alt=\"\" data-id=\"1056\" data-full-url=\"https:\/\/www.pvaphotography.cz\/wp-content\/uploads\/2020\/06\/DSC0090-upraven\u00fd-upraven\u00fd-upraven\u00fd.jpg\" data-link=\"https:\/\/www.pvaphotography.cz\/jarni-vyzva\/attachment\/dsc0090-upraveny-upraveny-upraveny\/\" class=\"wp-image-1056\" srcset=\"https:\/\/www.pvaphotography.cz\/wp-content\/uploads\/2020\/06\/DSC0090-upraven\u00fd-upraven\u00fd-upraven\u00fd.jpg 1280w, https:\/\/www.pvaphotography.cz\/wp-content\/uploads\/2020\/06\/DSC0090-upraven\u00fd-upraven\u00fd-upraven\u00fd-200x300.jpg 200w, https:\/\/www.pvaphotography.cz\/wp-content\/uploads\/2020\/06\/DSC0090-upraven\u00fd-upraven\u00fd-upraven\u00fd-683x1024.jpg 683w, https:\/\/www.pvaphotography.cz\/wp-content\/uploads\/2020\/06\/DSC0090-upraven\u00fd-upraven\u00fd-upraven\u00fd-768x1152.jpg 768w, https:\/\/www.pvaphotography.cz\/wp-content\/uploads\/2020\/06\/DSC0090-upraven\u00fd-upraven\u00fd-upraven\u00fd-1024x1536.jpg 1024w\" sizes=\"auto, (max-width: 1280px) 100vw, 1280px\" \/><\/a><\/figure><\/li><\/ul><\/figure>\n","protected":false},"excerpt":{"rendered":"","protected":false},"author":1,"featured_media":0,"parent":0,"menu_order":0,"comment_status":"closed","ping_status":"closed","template":"page-templates\/gallery-template.php","meta":{"footnotes":""},"class_list":["post-1026","page","type-page","status-publish","hentry"],"_links":{"self":[{"href":"https:\/\/www.pvaphotography.cz\/index.php?rest_route=\/wp\/v2\/pages\/1026","targetHints":{"allow":["GET"]}}],"collection":[{"href":"https:\/\/www.pvaphotography.cz\/index.php?rest_route=\/wp\/v2\/pages"}],"about":[{"href":"https:\/\/www.pvaphotography.cz\/index.php?rest_route=\/wp\/v2\/types\/page"}],"author":[{"embeddable":true,"href":"https:\/\/www.pvaphotography.cz\/index.php?rest_route=\/wp\/v2\/users\/1"}],"replies":[{"embeddable":true,"href":"https:\/\/www.pvaphotography.cz\/index.php?rest_route=%2Fwp%2Fv2%2Fcomments&post=1026"}],"version-history":[{"count":4,"href":"https:\/\/www.pvaphotography.cz\/index.php?rest_route=\/wp\/v2\/pages\/1026\/revisions"}],"predecessor-version":[{"id":1057,"href":"https:\/\/www.pvaphotography.cz\/index.php?rest_route=\/wp\/v2\/pages\/1026\/revisions\/1057"}],"wp:attachment":[{"href":"https:\/\/www.pvaphotography.cz\/index.php?rest_route=%2Fwp%2Fv2%2Fmedia&parent=1026"}],"curies":[{"name":"wp","href":"https:\/\/api.w.org\/{rel}","templated":true}]}}