{"id":108,"date":"2019-12-28T09:33:44","date_gmt":"2019-12-28T09:33:44","guid":{"rendered":"http:\/\/pvaphotography.cz\/?page_id=108"},"modified":"2020-07-27T08:01:46","modified_gmt":"2020-07-27T08:01:46","slug":"kontakt","status":"publish","type":"page","link":"https:\/\/www.pvaphotography.cz\/?page_id=108","title":{"rendered":"KONTAKT"},"content":{"rendered":"\n<p>Chcete m\u00edt zaj\u00edmav\u00e9 fotografie a video? P\u0159\u00edpadn\u011b m\u00e1te z\u00e1jem o jinou spolupr\u00e1ci? Kontaktujte m\u011b pros\u00edm na emailu\u00a0<a href=\"mailto:info@pvaphotography.cz\">info@pvaphotography.cz<\/a>, p\u0159\u00edpadn\u011b na\u00a0tel. \u010d\u00edsle 724798551. Prioritn\u00ed lokality na focen\u00ed m\u00e1m Ji\u017en\u00ed \u010cechy a Vyso\u010dina<\/p>\n","protected":false},"excerpt":{"rendered":"<p>Chcete m\u00edt zaj\u00edmav\u00e9 fotografie a video? P\u0159\u00edpadn\u011b m\u00e1te z\u00e1jem o jinou spolupr\u00e1ci? Kontaktujte m\u011b pros\u00edm na emailu\u00a0info@pvaphotography.cz, p\u0159\u00edpadn\u011b na\u00a0tel. \u010d\u00edsle 724798551. Prioritn\u00ed lokality na focen\u00ed&hellip; <\/p>\n","protected":false},"author":1,"featured_media":0,"parent":0,"menu_order":7,"comment_status":"closed","ping_status":"closed","template":"","meta":{"footnotes":""},"class_list":["post-108","page","type-page","status-publish","hentry"],"_links":{"self":[{"href":"https:\/\/www.pvaphotography.cz\/index.php?rest_route=\/wp\/v2\/pages\/108","targetHints":{"allow":["GET"]}}],"collection":[{"href":"https:\/\/www.pvaphotography.cz\/index.php?rest_route=\/wp\/v2\/pages"}],"about":[{"href":"https:\/\/www.pvaphotography.cz\/index.php?rest_route=\/wp\/v2\/types\/page"}],"author":[{"embeddable":true,"href":"https:\/\/www.pvaphotography.cz\/index.php?rest_route=\/wp\/v2\/users\/1"}],"replies":[{"embeddable":true,"href":"https:\/\/www.pvaphotography.cz\/index.php?rest_route=%2Fwp%2Fv2%2Fcomments&post=108"}],"version-history":[{"count":7,"href":"https:\/\/www.pvaphotography.cz\/index.php?rest_route=\/wp\/v2\/pages\/108\/revisions"}],"predecessor-version":[{"id":1248,"href":"https:\/\/www.pvaphotography.cz\/index.php?rest_route=\/wp\/v2\/pages\/108\/revisions\/1248"}],"wp:attachment":[{"href":"https:\/\/www.pvaphotography.cz\/index.php?rest_route=%2Fwp%2Fv2%2Fmedia&parent=108"}],"curies":[{"name":"wp","href":"https:\/\/api.w.org\/{rel}","templated":true}]}}