{"id":20892,"date":"2022-12-26T20:45:58","date_gmt":"2022-12-26T20:45:58","guid":{"rendered":"https:\/\/www.pvaphotography.cz\/?page_id=20892"},"modified":"2022-12-26T21:56:43","modified_gmt":"2022-12-26T21:56:43","slug":"objektiv-ttartisan-35mm-f-1-4","status":"publish","type":"page","link":"https:\/\/www.pvaphotography.cz\/?page_id=20892","title":{"rendered":"TTArtisan 35mm f\/1.4"},"content":{"rendered":"\n<figure class=\"wp-block-image size-full is-resized\"><img loading=\"lazy\" decoding=\"async\" src=\"https:\/\/www.pvaphotography.cz\/wp-content\/uploads\/2022\/12\/ttartisan_35-f14_canon-a-sony-e_img1-16318877804606.webp\" alt=\"\" class=\"wp-image-20920\" width=\"250\" height=\"250\" srcset=\"https:\/\/www.pvaphotography.cz\/wp-content\/uploads\/2022\/12\/ttartisan_35-f14_canon-a-sony-e_img1-16318877804606.webp 500w, https:\/\/www.pvaphotography.cz\/wp-content\/uploads\/2022\/12\/ttartisan_35-f14_canon-a-sony-e_img1-16318877804606-300x300.webp 300w, https:\/\/www.pvaphotography.cz\/wp-content\/uploads\/2022\/12\/ttartisan_35-f14_canon-a-sony-e_img1-16318877804606-150x150.webp 150w, https:\/\/www.pvaphotography.cz\/wp-content\/uploads\/2022\/12\/ttartisan_35-f14_canon-a-sony-e_img1-16318877804606-75x75.webp 75w\" sizes=\"auto, (max-width: 250px) 100vw, 250px\" \/><\/figure>\n\n\n\n<h2 class=\"wp-block-heading\">\u00davod<\/h2>\n\n\n\n<p>Mal\u00fd, lehk\u00fd a velmi \u0161ikovn\u00fd objektiv s univerz\u00e1ln\u00edm ohniskem 35mm (52,5mm) za n\u00edzkou cenu<\/p>\n\n\n\n<h2 class=\"wp-block-heading\">Zku\u0161enosti<\/h2>\n\n\n\n<p>Tento objektiv jsem pou\u017e\u00edval p\u0159ibli\u017en\u011b 1 rok a mus\u00edm hned na za\u010d\u00e1tku \u0159\u00edci \u017ee mo\u017en\u00e1 jednou budu litovat toho \u017ee jsem \u00fapln\u011b nevyu\u017eil potencion\u00e1l objektivu jeliko\u017e ohnisko 35mm je velmi univerz\u00e1ln\u00ed a \u010dlov\u011bk se ho nemus\u00ed b\u00e1t pou\u017e\u00edvat snad v ka\u017ed\u00e9 situaci. Objektiv p\u0159i\u0161el zabalen\u00fd v kr\u00e1sn\u00e9 zpevn\u011bn\u00e9 krabi\u010dce kter\u00e1 krom\u011b p\u011bnov\u00e9ho polstrov\u00e1n\u00ed obsahovala i pytl\u00edk na objektiv. Je mil\u00e9 \u017ee v\u00fdrobce p\u0159id\u00e1 k objektivu n\u011bjak\u00fd bonus a mne jako u\u017eivatele to ur\u010dit\u011b pot\u011b\u0161ilo. Na prvn\u00ed pohled kdy\u017e vezmete objektiv do ruky tak p\u016fsob\u00ed dojmem \u017ee je velmi kvalitn\u011b vyroben ale nenechte se m\u00fdlit nen\u00ed to tak ale kvalita zpracov\u00e1n\u00ed je ur\u010dit\u011b v\u011bt\u0161\u00ed ne\u017e by fotograf za tu cenu o\u010dek\u00e1val. TTArtisan 35mm f\/1.4 je manu\u00e1ln\u00ed objektiv a jako u\u017eivatel v\u017edy o\u010dek\u00e1v\u00e1m \u017ee za n\u011bjak\u00fd \u010das budu schopen ovl\u00e1dat objektiv t\u00e9m\u011b\u0159 po slepu. Samotn\u00e9 ost\u0159en\u00ed m\u00e1 docela kr\u00e1tkou dr\u00e1hu a u\u017eivatel se mus\u00ed del\u0161\u00ed dobu u\u010dit ne\u017e je schopen zaost\u0159it v kr\u00e1tk\u00e9m \u010dase, s\u00edla odporu ost\u0159\u00edc\u00edho krou\u017eku je docela n\u00edzk\u00e1 ale jeliko\u017e je dr\u00e1ha krat\u0161\u00ed tak je to sp\u00ed\u0161 br\u00e1no jako v\u00fdhoda. Clonov\u00fd krou\u017eek je um\u00edst\u011bn u p\u0159edn\u00ed \u010d\u00e1sti \u010do\u010dky objektivu a jeho chod je docela lehk\u00fd (univerz\u00e1l pro video i focen\u00ed) ale klapac\u00ed. Je mo\u017en\u00e1 trochu \u0161koda \u017ee v\u00fdrobce objektivu trochu zapom\u00ednaj\u00ed na z\u00e1kladn\u00ed principy ovl\u00e1d\u00e1n\u00ed objektiv\u016f. Opticky je na tom objektiv velmi dob\u0159e jedinou v\u00fdtku bych m\u011bl p\u0159i p\u0159echodu z clony f1.4 na f2.0 kdy jsem m\u011bl pocit \u017ee se obraz m\u011bn\u00ed jak barevn\u011b, tak i deforma\u010dn\u011b. Od clony f2.0 a\u017e po f11 je obraz ji\u017e v po\u0159\u00e1dku a na svou cenu je vynikaj\u00edc\u00ed. Jako nedostatek ale mus\u00edm zm\u00ednit krytku objektivu kter\u00e1 sice vypad\u00e1 p\u011bkn\u011b ale na objektivu moc nedr\u017e\u00ed a m\u00e1 snahu se povolovat, objektiv neobsahuje slune\u010dn\u00ed clonu a to je velk\u00fd nedostatek p\u0159i focen\u00ed v protisv\u011btle. <\/p>\n\n\n\n<h2 class=\"wp-block-heading\">Galerie<\/h2>\n\n\n\n<figure class=\"wp-block-gallery has-nested-images columns-default is-cropped wp-block-gallery-1 is-layout-flex wp-block-gallery-is-layout-flex\">\n<figure class=\"wp-block-image size-full\"><a href=\"https:\/\/www.pvaphotography.cz\/wp-content\/uploads\/2022\/12\/DSCF0518-1-scaled.jpg\" target=\"_blank\" rel=\"noopener\"><img loading=\"lazy\" decoding=\"async\" width=\"1707\" height=\"2560\" data-id=\"20929\" src=\"https:\/\/www.pvaphotography.cz\/wp-content\/uploads\/2022\/12\/DSCF0518-1-scaled.jpg\" alt=\"\" class=\"wp-image-20929\" srcset=\"https:\/\/www.pvaphotography.cz\/wp-content\/uploads\/2022\/12\/DSCF0518-1-scaled.jpg 1707w, https:\/\/www.pvaphotography.cz\/wp-content\/uploads\/2022\/12\/DSCF0518-1-200x300.jpg 200w, https:\/\/www.pvaphotography.cz\/wp-content\/uploads\/2022\/12\/DSCF0518-1-683x1024.jpg 683w, https:\/\/www.pvaphotography.cz\/wp-content\/uploads\/2022\/12\/DSCF0518-1-768x1152.jpg 768w, https:\/\/www.pvaphotography.cz\/wp-content\/uploads\/2022\/12\/DSCF0518-1-1024x1536.jpg 1024w, https:\/\/www.pvaphotography.cz\/wp-content\/uploads\/2022\/12\/DSCF0518-1-1366x2048.jpg 1366w\" sizes=\"auto, (max-width: 1707px) 100vw, 1707px\" \/><\/a><\/figure>\n\n\n\n<figure class=\"wp-block-image size-full\"><a href=\"https:\/\/www.pvaphotography.cz\/wp-content\/uploads\/2022\/12\/DSCF0607-1-scaled.jpg\" target=\"_blank\" rel=\"noopener\"><img loading=\"lazy\" decoding=\"async\" width=\"2560\" height=\"1707\" data-id=\"20931\" src=\"https:\/\/www.pvaphotography.cz\/wp-content\/uploads\/2022\/12\/DSCF0607-1-scaled.jpg\" alt=\"\" class=\"wp-image-20931\" srcset=\"https:\/\/www.pvaphotography.cz\/wp-content\/uploads\/2022\/12\/DSCF0607-1-scaled.jpg 2560w, https:\/\/www.pvaphotography.cz\/wp-content\/uploads\/2022\/12\/DSCF0607-1-300x200.jpg 300w, https:\/\/www.pvaphotography.cz\/wp-content\/uploads\/2022\/12\/DSCF0607-1-1024x683.jpg 1024w, https:\/\/www.pvaphotography.cz\/wp-content\/uploads\/2022\/12\/DSCF0607-1-768x512.jpg 768w, https:\/\/www.pvaphotography.cz\/wp-content\/uploads\/2022\/12\/DSCF0607-1-1536x1024.jpg 1536w, https:\/\/www.pvaphotography.cz\/wp-content\/uploads\/2022\/12\/DSCF0607-1-2048x1366.jpg 2048w\" sizes=\"auto, (max-width: 2560px) 100vw, 2560px\" \/><\/a><\/figure>\n\n\n\n<figure class=\"wp-block-image size-full\"><a href=\"https:\/\/www.pvaphotography.cz\/wp-content\/uploads\/2022\/12\/DSCF1744-1-scaled.jpg\" target=\"_blank\" rel=\"noopener\"><img loading=\"lazy\" decoding=\"async\" width=\"1707\" height=\"2560\" data-id=\"20930\" src=\"https:\/\/www.pvaphotography.cz\/wp-content\/uploads\/2022\/12\/DSCF1744-1-scaled.jpg\" alt=\"\" class=\"wp-image-20930\" srcset=\"https:\/\/www.pvaphotography.cz\/wp-content\/uploads\/2022\/12\/DSCF1744-1-scaled.jpg 1707w, https:\/\/www.pvaphotography.cz\/wp-content\/uploads\/2022\/12\/DSCF1744-1-200x300.jpg 200w, https:\/\/www.pvaphotography.cz\/wp-content\/uploads\/2022\/12\/DSCF1744-1-683x1024.jpg 683w, https:\/\/www.pvaphotography.cz\/wp-content\/uploads\/2022\/12\/DSCF1744-1-768x1152.jpg 768w, https:\/\/www.pvaphotography.cz\/wp-content\/uploads\/2022\/12\/DSCF1744-1-1024x1536.jpg 1024w, https:\/\/www.pvaphotography.cz\/wp-content\/uploads\/2022\/12\/DSCF1744-1-1365x2048.jpg 1365w\" sizes=\"auto, (max-width: 1707px) 100vw, 1707px\" \/><\/a><\/figure>\n\n\n\n<figure class=\"wp-block-image size-full\"><a href=\"https:\/\/www.pvaphotography.cz\/wp-content\/uploads\/2022\/12\/DSCF0846-1-scaled.jpg\" target=\"_blank\" rel=\"noopener\"><img loading=\"lazy\" decoding=\"async\" width=\"2560\" height=\"1707\" data-id=\"20938\" src=\"https:\/\/www.pvaphotography.cz\/wp-content\/uploads\/2022\/12\/DSCF0846-1-scaled.jpg\" alt=\"\" class=\"wp-image-20938\" srcset=\"https:\/\/www.pvaphotography.cz\/wp-content\/uploads\/2022\/12\/DSCF0846-1-scaled.jpg 2560w, https:\/\/www.pvaphotography.cz\/wp-content\/uploads\/2022\/12\/DSCF0846-1-300x200.jpg 300w, https:\/\/www.pvaphotography.cz\/wp-content\/uploads\/2022\/12\/DSCF0846-1-1024x683.jpg 1024w, https:\/\/www.pvaphotography.cz\/wp-content\/uploads\/2022\/12\/DSCF0846-1-768x512.jpg 768w, https:\/\/www.pvaphotography.cz\/wp-content\/uploads\/2022\/12\/DSCF0846-1-1536x1024.jpg 1536w, https:\/\/www.pvaphotography.cz\/wp-content\/uploads\/2022\/12\/DSCF0846-1-2048x1365.jpg 2048w\" sizes=\"auto, (max-width: 2560px) 100vw, 2560px\" \/><\/a><\/figure>\n\n\n\n<figure class=\"wp-block-image size-full\"><a href=\"https:\/\/www.pvaphotography.cz\/wp-content\/uploads\/2022\/12\/DSCF1147-scaled.jpg\" target=\"_blank\" rel=\"noopener\"><img loading=\"lazy\" decoding=\"async\" width=\"2560\" height=\"1707\" data-id=\"20933\" src=\"https:\/\/www.pvaphotography.cz\/wp-content\/uploads\/2022\/12\/DSCF1147-scaled.jpg\" alt=\"\" class=\"wp-image-20933\" srcset=\"https:\/\/www.pvaphotography.cz\/wp-content\/uploads\/2022\/12\/DSCF1147-scaled.jpg 2560w, https:\/\/www.pvaphotography.cz\/wp-content\/uploads\/2022\/12\/DSCF1147-300x200.jpg 300w, https:\/\/www.pvaphotography.cz\/wp-content\/uploads\/2022\/12\/DSCF1147-1024x683.jpg 1024w, https:\/\/www.pvaphotography.cz\/wp-content\/uploads\/2022\/12\/DSCF1147-768x512.jpg 768w, https:\/\/www.pvaphotography.cz\/wp-content\/uploads\/2022\/12\/DSCF1147-1536x1024.jpg 1536w, https:\/\/www.pvaphotography.cz\/wp-content\/uploads\/2022\/12\/DSCF1147-2048x1365.jpg 2048w\" sizes=\"auto, (max-width: 2560px) 100vw, 2560px\" \/><\/a><\/figure>\n\n\n\n<figure class=\"wp-block-image size-full\"><a href=\"https:\/\/www.pvaphotography.cz\/wp-content\/uploads\/2022\/12\/DSCF2098-1-scaled.jpg\" target=\"_blank\" rel=\"noopener\"><img loading=\"lazy\" decoding=\"async\" width=\"2560\" height=\"1707\" data-id=\"20932\" src=\"https:\/\/www.pvaphotography.cz\/wp-content\/uploads\/2022\/12\/DSCF2098-1-scaled.jpg\" alt=\"\" class=\"wp-image-20932\" srcset=\"https:\/\/www.pvaphotography.cz\/wp-content\/uploads\/2022\/12\/DSCF2098-1-scaled.jpg 2560w, https:\/\/www.pvaphotography.cz\/wp-content\/uploads\/2022\/12\/DSCF2098-1-300x200.jpg 300w, https:\/\/www.pvaphotography.cz\/wp-content\/uploads\/2022\/12\/DSCF2098-1-1024x683.jpg 1024w, https:\/\/www.pvaphotography.cz\/wp-content\/uploads\/2022\/12\/DSCF2098-1-768x512.jpg 768w, https:\/\/www.pvaphotography.cz\/wp-content\/uploads\/2022\/12\/DSCF2098-1-1536x1024.jpg 1536w, https:\/\/www.pvaphotography.cz\/wp-content\/uploads\/2022\/12\/DSCF2098-1-2048x1365.jpg 2048w\" sizes=\"auto, (max-width: 2560px) 100vw, 2560px\" \/><\/a><\/figure>\n\n\n\n<figure class=\"wp-block-image size-full\"><a href=\"https:\/\/www.pvaphotography.cz\/wp-content\/uploads\/2022\/12\/DSCF2226-1-scaled.jpg\" target=\"_blank\" rel=\"noopener\"><img loading=\"lazy\" decoding=\"async\" width=\"2560\" height=\"1707\" data-id=\"20939\" src=\"https:\/\/www.pvaphotography.cz\/wp-content\/uploads\/2022\/12\/DSCF2226-1-scaled.jpg\" alt=\"\" class=\"wp-image-20939\" srcset=\"https:\/\/www.pvaphotography.cz\/wp-content\/uploads\/2022\/12\/DSCF2226-1-scaled.jpg 2560w, https:\/\/www.pvaphotography.cz\/wp-content\/uploads\/2022\/12\/DSCF2226-1-300x200.jpg 300w, https:\/\/www.pvaphotography.cz\/wp-content\/uploads\/2022\/12\/DSCF2226-1-1024x683.jpg 1024w, https:\/\/www.pvaphotography.cz\/wp-content\/uploads\/2022\/12\/DSCF2226-1-768x512.jpg 768w, https:\/\/www.pvaphotography.cz\/wp-content\/uploads\/2022\/12\/DSCF2226-1-1536x1024.jpg 1536w, https:\/\/www.pvaphotography.cz\/wp-content\/uploads\/2022\/12\/DSCF2226-1-2048x1365.jpg 2048w\" sizes=\"auto, (max-width: 2560px) 100vw, 2560px\" \/><\/a><\/figure>\n\n\n\n<figure class=\"wp-block-image size-full\"><a href=\"https:\/\/www.pvaphotography.cz\/wp-content\/uploads\/2022\/12\/DSCF2229-1-scaled.jpg\" target=\"_blank\" rel=\"noopener\"><img loading=\"lazy\" decoding=\"async\" width=\"2560\" height=\"1707\" data-id=\"20934\" src=\"https:\/\/www.pvaphotography.cz\/wp-content\/uploads\/2022\/12\/DSCF2229-1-scaled.jpg\" alt=\"\" class=\"wp-image-20934\" srcset=\"https:\/\/www.pvaphotography.cz\/wp-content\/uploads\/2022\/12\/DSCF2229-1-scaled.jpg 2560w, https:\/\/www.pvaphotography.cz\/wp-content\/uploads\/2022\/12\/DSCF2229-1-300x200.jpg 300w, https:\/\/www.pvaphotography.cz\/wp-content\/uploads\/2022\/12\/DSCF2229-1-1024x683.jpg 1024w, https:\/\/www.pvaphotography.cz\/wp-content\/uploads\/2022\/12\/DSCF2229-1-768x512.jpg 768w, https:\/\/www.pvaphotography.cz\/wp-content\/uploads\/2022\/12\/DSCF2229-1-1536x1024.jpg 1536w, https:\/\/www.pvaphotography.cz\/wp-content\/uploads\/2022\/12\/DSCF2229-1-2048x1365.jpg 2048w\" sizes=\"auto, (max-width: 2560px) 100vw, 2560px\" \/><\/a><\/figure>\n\n\n\n<figure class=\"wp-block-image size-full\"><a href=\"https:\/\/www.pvaphotography.cz\/wp-content\/uploads\/2022\/12\/DSCF4323-1-scaled.jpg\" target=\"_blank\" rel=\"noopener\"><img loading=\"lazy\" decoding=\"async\" width=\"2560\" height=\"1707\" data-id=\"20940\" src=\"https:\/\/www.pvaphotography.cz\/wp-content\/uploads\/2022\/12\/DSCF4323-1-scaled.jpg\" alt=\"\" class=\"wp-image-20940\" srcset=\"https:\/\/www.pvaphotography.cz\/wp-content\/uploads\/2022\/12\/DSCF4323-1-scaled.jpg 2560w, https:\/\/www.pvaphotography.cz\/wp-content\/uploads\/2022\/12\/DSCF4323-1-300x200.jpg 300w, https:\/\/www.pvaphotography.cz\/wp-content\/uploads\/2022\/12\/DSCF4323-1-1024x683.jpg 1024w, https:\/\/www.pvaphotography.cz\/wp-content\/uploads\/2022\/12\/DSCF4323-1-768x512.jpg 768w, https:\/\/www.pvaphotography.cz\/wp-content\/uploads\/2022\/12\/DSCF4323-1-1536x1024.jpg 1536w, https:\/\/www.pvaphotography.cz\/wp-content\/uploads\/2022\/12\/DSCF4323-1-2048x1365.jpg 2048w\" sizes=\"auto, (max-width: 2560px) 100vw, 2560px\" \/><\/a><\/figure>\n\n\n\n<figure class=\"wp-block-image size-full\"><a href=\"https:\/\/www.pvaphotography.cz\/wp-content\/uploads\/2022\/12\/DSCF5808-scaled.jpg\" target=\"_blank\" rel=\"noopener\"><img loading=\"lazy\" decoding=\"async\" width=\"2560\" height=\"1707\" data-id=\"20935\" src=\"https:\/\/www.pvaphotography.cz\/wp-content\/uploads\/2022\/12\/DSCF5808-scaled.jpg\" alt=\"\" class=\"wp-image-20935\" srcset=\"https:\/\/www.pvaphotography.cz\/wp-content\/uploads\/2022\/12\/DSCF5808-scaled.jpg 2560w, https:\/\/www.pvaphotography.cz\/wp-content\/uploads\/2022\/12\/DSCF5808-300x200.jpg 300w, https:\/\/www.pvaphotography.cz\/wp-content\/uploads\/2022\/12\/DSCF5808-1024x683.jpg 1024w, https:\/\/www.pvaphotography.cz\/wp-content\/uploads\/2022\/12\/DSCF5808-768x512.jpg 768w, https:\/\/www.pvaphotography.cz\/wp-content\/uploads\/2022\/12\/DSCF5808-1536x1024.jpg 1536w, https:\/\/www.pvaphotography.cz\/wp-content\/uploads\/2022\/12\/DSCF5808-2048x1365.jpg 2048w\" sizes=\"auto, (max-width: 2560px) 100vw, 2560px\" \/><\/a><\/figure>\n\n\n\n<figure class=\"wp-block-image size-full\"><a href=\"https:\/\/www.pvaphotography.cz\/wp-content\/uploads\/2022\/12\/DSCF9461-1-scaled.jpg\" target=\"_blank\" rel=\"noopener\"><img loading=\"lazy\" decoding=\"async\" width=\"2560\" height=\"1707\" data-id=\"20937\" src=\"https:\/\/www.pvaphotography.cz\/wp-content\/uploads\/2022\/12\/DSCF9461-1-scaled.jpg\" alt=\"\" class=\"wp-image-20937\" srcset=\"https:\/\/www.pvaphotography.cz\/wp-content\/uploads\/2022\/12\/DSCF9461-1-scaled.jpg 2560w, https:\/\/www.pvaphotography.cz\/wp-content\/uploads\/2022\/12\/DSCF9461-1-300x200.jpg 300w, https:\/\/www.pvaphotography.cz\/wp-content\/uploads\/2022\/12\/DSCF9461-1-1024x683.jpg 1024w, https:\/\/www.pvaphotography.cz\/wp-content\/uploads\/2022\/12\/DSCF9461-1-768x512.jpg 768w, https:\/\/www.pvaphotography.cz\/wp-content\/uploads\/2022\/12\/DSCF9461-1-1536x1024.jpg 1536w, https:\/\/www.pvaphotography.cz\/wp-content\/uploads\/2022\/12\/DSCF9461-1-2048x1365.jpg 2048w\" sizes=\"auto, (max-width: 2560px) 100vw, 2560px\" \/><\/a><\/figure>\n\n\n\n<figure class=\"wp-block-image size-full\"><a href=\"https:\/\/www.pvaphotography.cz\/wp-content\/uploads\/2022\/12\/FUJI3671-1-scaled.jpg\" target=\"_blank\" rel=\"noopener\"><img loading=\"lazy\" decoding=\"async\" width=\"1707\" height=\"2560\" data-id=\"20941\" src=\"https:\/\/www.pvaphotography.cz\/wp-content\/uploads\/2022\/12\/FUJI3671-1-scaled.jpg\" alt=\"\" class=\"wp-image-20941\" srcset=\"https:\/\/www.pvaphotography.cz\/wp-content\/uploads\/2022\/12\/FUJI3671-1-scaled.jpg 1707w, https:\/\/www.pvaphotography.cz\/wp-content\/uploads\/2022\/12\/FUJI3671-1-200x300.jpg 200w, https:\/\/www.pvaphotography.cz\/wp-content\/uploads\/2022\/12\/FUJI3671-1-683x1024.jpg 683w, https:\/\/www.pvaphotography.cz\/wp-content\/uploads\/2022\/12\/FUJI3671-1-768x1152.jpg 768w, https:\/\/www.pvaphotography.cz\/wp-content\/uploads\/2022\/12\/FUJI3671-1-1024x1536.jpg 1024w, https:\/\/www.pvaphotography.cz\/wp-content\/uploads\/2022\/12\/FUJI3671-1-1365x2048.jpg 1365w\" sizes=\"auto, (max-width: 1707px) 100vw, 1707px\" \/><\/a><\/figure>\n\n\n\n<figure class=\"wp-block-image size-full\"><a href=\"https:\/\/www.pvaphotography.cz\/wp-content\/uploads\/2022\/12\/FUJI3675-1-scaled.jpg\" target=\"_blank\" rel=\"noopener\"><img loading=\"lazy\" decoding=\"async\" width=\"2560\" height=\"1707\" data-id=\"20936\" src=\"https:\/\/www.pvaphotography.cz\/wp-content\/uploads\/2022\/12\/FUJI3675-1-scaled.jpg\" alt=\"\" class=\"wp-image-20936\" srcset=\"https:\/\/www.pvaphotography.cz\/wp-content\/uploads\/2022\/12\/FUJI3675-1-scaled.jpg 2560w, https:\/\/www.pvaphotography.cz\/wp-content\/uploads\/2022\/12\/FUJI3675-1-300x200.jpg 300w, https:\/\/www.pvaphotography.cz\/wp-content\/uploads\/2022\/12\/FUJI3675-1-1024x683.jpg 1024w, https:\/\/www.pvaphotography.cz\/wp-content\/uploads\/2022\/12\/FUJI3675-1-768x512.jpg 768w, https:\/\/www.pvaphotography.cz\/wp-content\/uploads\/2022\/12\/FUJI3675-1-1536x1024.jpg 1536w, https:\/\/www.pvaphotography.cz\/wp-content\/uploads\/2022\/12\/FUJI3675-1-2048x1365.jpg 2048w\" sizes=\"auto, (max-width: 2560px) 100vw, 2560px\" \/><\/a><\/figure>\n<\/figure>\n\n\n\n<h2 class=\"wp-block-heading\">Z\u00e1v\u011br<\/h2>\n\n\n\n<p>Co napsat z\u00e1v\u011brem? Jak jsem ji\u017e psal v \u00favodu, mal\u00fd a lehk\u00fd objektiv s doporu\u010den\u00edm pro u\u017eivatele kte\u0159\u00ed ne\u0159e\u0161\u00ed drobn\u00e9 i v\u011bt\u0161\u00ed chyby ale cht\u011bj\u00ed objektiv 35mm s manu\u00e1ln\u00edm ost\u0159en\u00edm za mal\u00e9 pen\u00edze<\/p>\n","protected":false},"excerpt":{"rendered":"<p>\u00davod Mal\u00fd, lehk\u00fd a velmi \u0161ikovn\u00fd objektiv s univerz\u00e1ln\u00edm ohniskem 35mm (52,5mm) za n\u00edzkou cenu Zku\u0161enosti Tento objektiv jsem pou\u017e\u00edval p\u0159ibli\u017en\u011b 1 rok a mus\u00edm&hellip; <\/p>\n","protected":false},"author":1,"featured_media":0,"parent":11819,"menu_order":0,"comment_status":"open","ping_status":"closed","template":"","meta":{"footnotes":""},"class_list":["post-20892","page","type-page","status-publish","hentry"],"_links":{"self":[{"href":"https:\/\/www.pvaphotography.cz\/index.php?rest_route=\/wp\/v2\/pages\/20892","targetHints":{"allow":["GET"]}}],"collection":[{"href":"https:\/\/www.pvaphotography.cz\/index.php?rest_route=\/wp\/v2\/pages"}],"about":[{"href":"https:\/\/www.pvaphotography.cz\/index.php?rest_route=\/wp\/v2\/types\/page"}],"author":[{"embeddable":true,"href":"https:\/\/www.pvaphotography.cz\/index.php?rest_route=\/wp\/v2\/users\/1"}],"replies":[{"embeddable":true,"href":"https:\/\/www.pvaphotography.cz\/index.php?rest_route=%2Fwp%2Fv2%2Fcomments&post=20892"}],"version-history":[{"count":4,"href":"https:\/\/www.pvaphotography.cz\/index.php?rest_route=\/wp\/v2\/pages\/20892\/revisions"}],"predecessor-version":[{"id":20948,"href":"https:\/\/www.pvaphotography.cz\/index.php?rest_route=\/wp\/v2\/pages\/20892\/revisions\/20948"}],"up":[{"embeddable":true,"href":"https:\/\/www.pvaphotography.cz\/index.php?rest_route=\/wp\/v2\/pages\/11819"}],"wp:attachment":[{"href":"https:\/\/www.pvaphotography.cz\/index.php?rest_route=%2Fwp%2Fv2%2Fmedia&parent=20892"}],"curies":[{"name":"wp","href":"https:\/\/api.w.org\/{rel}","templated":true}]}}