{"id":237,"date":"2019-12-28T11:30:09","date_gmt":"2019-12-28T11:30:09","guid":{"rendered":"http:\/\/pvaphotography.cz\/?page_id=237"},"modified":"2025-09-23T16:37:59","modified_gmt":"2025-09-23T16:37:59","slug":"pripravovane-projekty","status":"publish","type":"page","link":"https:\/\/www.pvaphotography.cz\/?page_id=237","title":{"rendered":"P\u0158IPRAVOVAN\u00c9 PROJEKTY"},"content":{"rendered":"\n<p><strong> V\u0161echny p\u0159ipravovan\u00e9 fotografick\u00e9 a video projekty jsou foceny formou TFP&#8230; <\/strong><\/p>\n\n\n\n<p> 1. Focen\u00ed s autoveter\u00e1ny (Pin-up, glamour, dobov\u00e9 focen\u00ed) &#8211; nejl\u00e9pe p\u0159ed sezonou<\/p>\n\n\n\n<p>2. Cestou a\u017e na p\u016fdu (r\u016fzn\u00e9 \u017e\u00e1nry focen\u00ed) <\/p>\n\n\n\n<p>3. Report\u00e1\u017e Rumunsko (report\u00e1\u017en\u00ed focen\u00ed)<\/p>\n\n\n\n<p>4. TANEC \/ JOGA \/ WORKOUT\/ FITNESS (portr\u00e9t, dokument, report\u00e1\u017en\u00ed focen\u00ed) &#8211; <strong>\u010d\u00e1ste\u010dn\u011b nafoceno<\/strong><\/p>\n\n\n\n<p>5. Jiho\u010desk\u00e9 vesni\u010dky jak je nezn\u00e1te (focen\u00ed krajiny a architektury)<\/p>\n\n\n\n<p>6. Kr\u00e1sy \u010cesk\u00e9 Kanady (fotografie krajiny) &#8211; <strong>\u010d\u00e1ste\u010dn\u011b nafoceno<\/strong><\/p>\n\n\n\n<p>7. N\u00e1pady (r\u016fzn\u00e9 \u017e\u00e1nry) <\/p>\n\n\n\n<p>8. Street Fashion (portr\u00e9t a fashion fotografie) &#8211; pro \u0161t\u00edhl\u00e9 \u017eeny<\/p>\n\n\n\n<p>9. Noc ve m\u011bst\u011b (r\u016fzn\u00e9 \u017e\u00e1nry) &#8211; <strong>\u010d\u00e1ste\u010dn\u011b nafoceno<\/strong><\/p>\n\n\n\n<p>10. <strong>Blbnut\u00ed s bublinami <strong>( ji\u017e nafoceno a ukon\u010deno )<\/strong><\/strong><\/p>\n\n\n\n<p>11. Matka a dcera (r\u016fzn\u00e9 \u017e\u00e1nry focen\u00ed)<\/p>\n\n\n\n<p>12. Focen\u00ed v de\u0161ti (portr\u00e9tn\u00ed a glamour focen\u00ed) &#8211; term\u00edn l\u00e9to <\/p>\n\n\n\n<p>13. Siluety hra sv\u011btel a st\u00edn\u016f (focen\u00ed aktu a poloaktu, glamour, low-key atp.) &#8211; <strong>\u010d\u00e1ste\u010dn\u011b nafoceno<\/strong><\/p>\n\n\n\n<p>14. Zapomenut\u00e9 osady (report\u00e1\u017en\u00ed focen\u00ed, architektura ) &#8211; <strong>\u010d\u00e1ste\u010dn\u011b nafoceno<\/strong><\/p>\n\n\n\n<p>15. Kr\u00e1sa obli\u010dej\u016f (portr\u00e9tn\u00ed focen\u00ed, detaily) <\/p>\n\n\n\n<p>16. Fotograf a\u017e do domu (r\u016fzn\u00e9 \u017e\u00e1nry)<\/p>\n\n\n\n<p>17. Kreativn\u00ed make-up (portr\u00e9tn\u00ed focen\u00ed, detaily)<\/p>\n\n\n\n<p>18. Toulky krajinou (dokument\u00e1rn\u00ed fotografie)<\/p>\n\n\n\n<p>19. <strong>Jarn\u00ed v\u00fdzva (v\u0161echny \u017e\u00e1nry) &#8211; ( ji\u017e nafoceno a ukon\u010deno )<\/strong><\/p>\n\n\n\n<p>20. Street sports (portr\u00e9t, sportovn\u00ed focen\u00ed) <\/p>\n\n\n\n<p>21. no comment (2018 &#8211; 2021) soubor \u010cB sn\u00edmk\u016f &#8222;hled\u00e1me n\u00e1zev&#8220; (r\u016fzn\u00e9 \u017e\u00e1nry)<\/p>\n\n\n\n<p>22. <strong>L\u00e9to a voda (r\u016fzn\u00e9 \u017e\u00e1nry) &#8211; ( ji\u017e nafoceno a ukon\u010deno )<\/strong><\/p>\n\n\n\n<p>24. <strong>Fot\u00edme s P\u00e1jou ( ji\u017e nafoceno a ukon\u010deno )<\/strong><\/p>\n\n\n\n<p>25. Ko\u010dka nejlep\u0161\u00ed p\u0159\u00edtel \u010dlov\u011bka (portr\u00e9t a glamour focen\u00ed) <\/p>\n\n\n\n<p>26. Opu\u0161t\u011bn\u00fd sv\u011bt (r\u016fzn\u00e9 \u017e\u00e1nry)<\/p>\n\n\n\n<p>27. B\u00fdt jako panenka (dokument, portr\u00e9t, r\u016fzn\u00e9 \u017e\u00e1nry) <\/p>\n\n\n\n<p>28. V kou\u0159i (glamour, portr\u00e9t, report\u00e1\u017en\u00ed focen\u00ed, dokument)<\/p>\n\n\n\n<p>29. Zrcadlen\u00ed (focen\u00ed aktu a poloaktu, portr\u00e9t, glamour)<\/p>\n\n\n\n<p>30. Dotek zimy (r\u016fzn\u00e9 \u017e\u00e1nry)<\/p>\n\n\n\n<p>31. Focen\u00ed se sv\u00ed\u010dkou nebo pochodn\u00ed (focen\u00ed aktu, poloaktu, glamour, portr\u00e9t) &#8211; <strong>\u010d\u00e1ste\u010dn\u011b nafoceno<\/strong><\/p>\n\n\n\n<p>32. Malov\u00e1n\u00ed rt\u011bnkou a Pop art fotografie (focen\u00ed poloaktu, glamour, portr\u00e9t, report\u00e1\u017e, makro, pop art)<\/p>\n\n\n\n<p>33. Foto v\u00fdhledy (dokument, report\u00e1\u017en\u00ed focen\u00ed, docen\u00ed krajiny)<\/p>\n\n\n\n<p>34. Foto zast\u00e1vka  (dokument, report\u00e1\u017en\u00ed focen\u00ed, docen\u00ed krajiny) <\/p>\n\n\n\n<p>35. Focen\u00ed s de\u0161tn\u00edkem (r\u016fzn\u00e9 \u017e\u00e1nry)<\/p>\n\n\n\n<p>36. SHEIN fashion (portrait, glamour, lifestyle)<\/p>\n\n\n\n<p>37. Focen\u00ed v houpac\u00ed s\u00edti (r\u016fzn\u00e9 \u017e\u00e1nry)<\/p>\n\n\n\n<p>dal\u0161\u00ed projekty jsou v p\u0159\u00edprav\u011b a budou postupn\u011b dopln\u011bny&#8230; <\/p>\n\n\n\n<p><\/p>\n","protected":false},"excerpt":{"rendered":"<p>V\u0161echny p\u0159ipravovan\u00e9 fotografick\u00e9 a video projekty jsou foceny formou TFP&#8230; 1. Focen\u00ed s autoveter\u00e1ny (Pin-up, glamour, dobov\u00e9 focen\u00ed) &#8211; nejl\u00e9pe p\u0159ed sezonou 2. Cestou a\u017e&hellip; <\/p>\n","protected":false},"author":1,"featured_media":0,"parent":0,"menu_order":3,"comment_status":"closed","ping_status":"closed","template":"","meta":{"footnotes":""},"class_list":["post-237","page","type-page","status-publish","hentry"],"_links":{"self":[{"href":"https:\/\/www.pvaphotography.cz\/index.php?rest_route=\/wp\/v2\/pages\/237","targetHints":{"allow":["GET"]}}],"collection":[{"href":"https:\/\/www.pvaphotography.cz\/index.php?rest_route=\/wp\/v2\/pages"}],"about":[{"href":"https:\/\/www.pvaphotography.cz\/index.php?rest_route=\/wp\/v2\/types\/page"}],"author":[{"embeddable":true,"href":"https:\/\/www.pvaphotography.cz\/index.php?rest_route=\/wp\/v2\/users\/1"}],"replies":[{"embeddable":true,"href":"https:\/\/www.pvaphotography.cz\/index.php?rest_route=%2Fwp%2Fv2%2Fcomments&post=237"}],"version-history":[{"count":52,"href":"https:\/\/www.pvaphotography.cz\/index.php?rest_route=\/wp\/v2\/pages\/237\/revisions"}],"predecessor-version":[{"id":24625,"href":"https:\/\/www.pvaphotography.cz\/index.php?rest_route=\/wp\/v2\/pages\/237\/revisions\/24625"}],"wp:attachment":[{"href":"https:\/\/www.pvaphotography.cz\/index.php?rest_route=%2Fwp%2Fv2%2Fmedia&parent=237"}],"curies":[{"name":"wp","href":"https:\/\/api.w.org\/{rel}","templated":true}]}}