{"id":3558,"date":"2021-11-17T23:52:15","date_gmt":"2021-11-17T23:52:15","guid":{"rendered":"https:\/\/www.pvaphotography.cz\/?page_id=3558"},"modified":"2021-11-17T23:58:25","modified_gmt":"2021-11-17T23:58:25","slug":"vanocni-fotografie","status":"publish","type":"page","link":"https:\/\/www.pvaphotography.cz\/?page_id=3558","title":{"rendered":"V\u00c1NO\u010cN\u00cd FOTOGRAFIE"},"content":{"rendered":"\n<figure class=\"wp-block-gallery columns-4 is-cropped wp-block-gallery-1 is-layout-flex wp-block-gallery-is-layout-flex\"><ul class=\"blocks-gallery-grid\"><li class=\"blocks-gallery-item\"><figure><a href=\"https:\/\/www.pvaphotography.cz\/wp-content\/uploads\/2021\/11\/DSCF5252-IridientEdit.jpg\"><img loading=\"lazy\" decoding=\"async\" width=\"2048\" height=\"1513\" src=\"https:\/\/www.pvaphotography.cz\/wp-content\/uploads\/2021\/11\/DSCF5252-IridientEdit.jpg\" alt=\"\" data-id=\"3562\" data-link=\"https:\/\/www.pvaphotography.cz\/?attachment_id=3562\" class=\"wp-image-3562\" srcset=\"https:\/\/www.pvaphotography.cz\/wp-content\/uploads\/2021\/11\/DSCF5252-IridientEdit.jpg 2048w, https:\/\/www.pvaphotography.cz\/wp-content\/uploads\/2021\/11\/DSCF5252-IridientEdit-300x222.jpg 300w, https:\/\/www.pvaphotography.cz\/wp-content\/uploads\/2021\/11\/DSCF5252-IridientEdit-1024x757.jpg 1024w, https:\/\/www.pvaphotography.cz\/wp-content\/uploads\/2021\/11\/DSCF5252-IridientEdit-768x567.jpg 768w, https:\/\/www.pvaphotography.cz\/wp-content\/uploads\/2021\/11\/DSCF5252-IridientEdit-1536x1135.jpg 1536w\" sizes=\"auto, (max-width: 2048px) 100vw, 2048px\" \/><\/a><\/figure><\/li><li class=\"blocks-gallery-item\"><figure><a href=\"https:\/\/www.pvaphotography.cz\/wp-content\/uploads\/2021\/11\/DSCF5306.jpg\"><img loading=\"lazy\" decoding=\"async\" width=\"2048\" height=\"1396\" src=\"https:\/\/www.pvaphotography.cz\/wp-content\/uploads\/2021\/11\/DSCF5306.jpg\" alt=\"\" data-id=\"3564\" data-link=\"https:\/\/www.pvaphotography.cz\/?attachment_id=3564\" class=\"wp-image-3564\" srcset=\"https:\/\/www.pvaphotography.cz\/wp-content\/uploads\/2021\/11\/DSCF5306.jpg 2048w, https:\/\/www.pvaphotography.cz\/wp-content\/uploads\/2021\/11\/DSCF5306-300x204.jpg 300w, https:\/\/www.pvaphotography.cz\/wp-content\/uploads\/2021\/11\/DSCF5306-1024x698.jpg 1024w, https:\/\/www.pvaphotography.cz\/wp-content\/uploads\/2021\/11\/DSCF5306-768x524.jpg 768w, https:\/\/www.pvaphotography.cz\/wp-content\/uploads\/2021\/11\/DSCF5306-1536x1047.jpg 1536w\" sizes=\"auto, (max-width: 2048px) 100vw, 2048px\" \/><\/a><\/figure><\/li><li class=\"blocks-gallery-item\"><figure><a href=\"https:\/\/www.pvaphotography.cz\/wp-content\/uploads\/2021\/11\/DSCF5571-3.jpg\"><img loading=\"lazy\" decoding=\"async\" width=\"2048\" height=\"1481\" src=\"https:\/\/www.pvaphotography.cz\/wp-content\/uploads\/2021\/11\/DSCF5571-3.jpg\" alt=\"\" data-id=\"3565\" data-link=\"https:\/\/www.pvaphotography.cz\/?attachment_id=3565\" class=\"wp-image-3565\" srcset=\"https:\/\/www.pvaphotography.cz\/wp-content\/uploads\/2021\/11\/DSCF5571-3.jpg 2048w, https:\/\/www.pvaphotography.cz\/wp-content\/uploads\/2021\/11\/DSCF5571-3-300x217.jpg 300w, https:\/\/www.pvaphotography.cz\/wp-content\/uploads\/2021\/11\/DSCF5571-3-1024x741.jpg 1024w, https:\/\/www.pvaphotography.cz\/wp-content\/uploads\/2021\/11\/DSCF5571-3-768x555.jpg 768w, https:\/\/www.pvaphotography.cz\/wp-content\/uploads\/2021\/11\/DSCF5571-3-1536x1111.jpg 1536w\" sizes=\"auto, (max-width: 2048px) 100vw, 2048px\" \/><\/a><\/figure><\/li><li class=\"blocks-gallery-item\"><figure><a href=\"https:\/\/www.pvaphotography.cz\/wp-content\/uploads\/2021\/11\/DSCF5442-1.jpg\"><img loading=\"lazy\" decoding=\"async\" width=\"1024\" height=\"1024\" src=\"https:\/\/www.pvaphotography.cz\/wp-content\/uploads\/2021\/11\/DSCF5442-1-1024x1024.jpg\" alt=\"\" data-id=\"3566\" data-full-url=\"https:\/\/www.pvaphotography.cz\/wp-content\/uploads\/2021\/11\/DSCF5442-1.jpg\" data-link=\"https:\/\/www.pvaphotography.cz\/?attachment_id=3566\" class=\"wp-image-3566\" srcset=\"https:\/\/www.pvaphotography.cz\/wp-content\/uploads\/2021\/11\/DSCF5442-1-1024x1024.jpg 1024w, https:\/\/www.pvaphotography.cz\/wp-content\/uploads\/2021\/11\/DSCF5442-1-300x300.jpg 300w, https:\/\/www.pvaphotography.cz\/wp-content\/uploads\/2021\/11\/DSCF5442-1-150x150.jpg 150w, https:\/\/www.pvaphotography.cz\/wp-content\/uploads\/2021\/11\/DSCF5442-1-768x768.jpg 768w, https:\/\/www.pvaphotography.cz\/wp-content\/uploads\/2021\/11\/DSCF5442-1-1536x1536.jpg 1536w, https:\/\/www.pvaphotography.cz\/wp-content\/uploads\/2021\/11\/DSCF5442-1.jpg 2048w, https:\/\/www.pvaphotography.cz\/wp-content\/uploads\/2021\/11\/DSCF5442-1-75x75.jpg 75w\" sizes=\"auto, (max-width: 1024px) 100vw, 1024px\" \/><\/a><\/figure><\/li><\/ul><\/figure>\n","protected":false},"excerpt":{"rendered":"","protected":false},"author":1,"featured_media":0,"parent":0,"menu_order":0,"comment_status":"closed","ping_status":"closed","template":"","meta":{"footnotes":""},"class_list":["post-3558","page","type-page","status-publish","hentry"],"_links":{"self":[{"href":"https:\/\/www.pvaphotography.cz\/index.php?rest_route=\/wp\/v2\/pages\/3558","targetHints":{"allow":["GET"]}}],"collection":[{"href":"https:\/\/www.pvaphotography.cz\/index.php?rest_route=\/wp\/v2\/pages"}],"about":[{"href":"https:\/\/www.pvaphotography.cz\/index.php?rest_route=\/wp\/v2\/types\/page"}],"author":[{"embeddable":true,"href":"https:\/\/www.pvaphotography.cz\/index.php?rest_route=\/wp\/v2\/users\/1"}],"replies":[{"embeddable":true,"href":"https:\/\/www.pvaphotography.cz\/index.php?rest_route=%2Fwp%2Fv2%2Fcomments&post=3558"}],"version-history":[{"count":3,"href":"https:\/\/www.pvaphotography.cz\/index.php?rest_route=\/wp\/v2\/pages\/3558\/revisions"}],"predecessor-version":[{"id":3567,"href":"https:\/\/www.pvaphotography.cz\/index.php?rest_route=\/wp\/v2\/pages\/3558\/revisions\/3567"}],"wp:attachment":[{"href":"https:\/\/www.pvaphotography.cz\/index.php?rest_route=%2Fwp%2Fv2%2Fmedia&parent=3558"}],"curies":[{"name":"wp","href":"https:\/\/api.w.org\/{rel}","templated":true}]}}