{"id":544,"date":"2020-01-03T12:19:21","date_gmt":"2020-01-03T12:19:21","guid":{"rendered":"http:\/\/pvaphotography.cz\/?page_id=544"},"modified":"2021-01-22T23:38:17","modified_gmt":"2021-01-22T23:38:17","slug":"fotograf-az-do-domu","status":"publish","type":"page","link":"https:\/\/www.pvaphotography.cz\/?page_id=544","title":{"rendered":"FOTOGRAF A\u017d DO DOMU"},"content":{"rendered":"\n<div class=\"wp-block-group\"><div class=\"wp-block-group__inner-container is-layout-flow wp-block-group-is-layout-flow\">\n<figure class=\"wp-block-gallery columns-6 is-cropped wp-block-gallery-1 is-layout-flex wp-block-gallery-is-layout-flex\"><ul class=\"blocks-gallery-grid\"><li class=\"blocks-gallery-item\"><figure><a href=\"http:\/\/pvaphotography.cz\/wp-content\/uploads\/2020\/01\/DSC04120-upraven\u00fd-4-upraven\u00fd-upraven\u00fd-scaled.jpg\"><img loading=\"lazy\" decoding=\"async\" width=\"1024\" height=\"683\" src=\"http:\/\/pvaphotography.cz\/wp-content\/uploads\/2020\/01\/DSC04120-upraven\u00fd-4-upraven\u00fd-upraven\u00fd-1024x683.jpg\" alt=\"\" data-id=\"553\" data-full-url=\"http:\/\/pvaphotography.cz\/wp-content\/uploads\/2020\/01\/DSC04120-upraven\u00fd-4-upraven\u00fd-upraven\u00fd-scaled.jpg\" data-link=\"http:\/\/pvaphotography.cz\/dsc04120-upraveny-4-upraveny-upraveny\/\" class=\"wp-image-553\" srcset=\"https:\/\/www.pvaphotography.cz\/wp-content\/uploads\/2020\/01\/DSC04120-upraven\u00fd-4-upraven\u00fd-upraven\u00fd-1024x683.jpg 1024w, https:\/\/www.pvaphotography.cz\/wp-content\/uploads\/2020\/01\/DSC04120-upraven\u00fd-4-upraven\u00fd-upraven\u00fd-300x200.jpg 300w, https:\/\/www.pvaphotography.cz\/wp-content\/uploads\/2020\/01\/DSC04120-upraven\u00fd-4-upraven\u00fd-upraven\u00fd-768x512.jpg 768w, https:\/\/www.pvaphotography.cz\/wp-content\/uploads\/2020\/01\/DSC04120-upraven\u00fd-4-upraven\u00fd-upraven\u00fd-1536x1024.jpg 1536w, https:\/\/www.pvaphotography.cz\/wp-content\/uploads\/2020\/01\/DSC04120-upraven\u00fd-4-upraven\u00fd-upraven\u00fd-2048x1365.jpg 2048w\" sizes=\"auto, (max-width: 1024px) 100vw, 1024px\" \/><\/a><\/figure><\/li><li class=\"blocks-gallery-item\"><figure><a href=\"http:\/\/pvaphotography.cz\/wp-content\/uploads\/2019\/12\/DSC04143-upraven\u00fd-scaled.jpg\"><img loading=\"lazy\" decoding=\"async\" width=\"683\" height=\"1024\" src=\"http:\/\/pvaphotography.cz\/wp-content\/uploads\/2019\/12\/DSC04143-upraven\u00fd-683x1024.jpg\" alt=\"\" data-id=\"504\" data-full-url=\"http:\/\/pvaphotography.cz\/wp-content\/uploads\/2019\/12\/DSC04143-upraven\u00fd-scaled.jpg\" data-link=\"http:\/\/pvaphotography.cz\/uncategorized\/mensi-ukazka-z-vanocniho-foceni-se-svetylky-v-ramci-projektu-fotograf-az-do-domu\/attachment\/dsc04143-upraveny\/\" class=\"wp-image-504\" srcset=\"https:\/\/www.pvaphotography.cz\/wp-content\/uploads\/2019\/12\/DSC04143-upraven\u00fd-683x1024.jpg 683w, https:\/\/www.pvaphotography.cz\/wp-content\/uploads\/2019\/12\/DSC04143-upraven\u00fd-200x300.jpg 200w, https:\/\/www.pvaphotography.cz\/wp-content\/uploads\/2019\/12\/DSC04143-upraven\u00fd-768x1152.jpg 768w, https:\/\/www.pvaphotography.cz\/wp-content\/uploads\/2019\/12\/DSC04143-upraven\u00fd-1024x1536.jpg 1024w, https:\/\/www.pvaphotography.cz\/wp-content\/uploads\/2019\/12\/DSC04143-upraven\u00fd-1365x2048.jpg 1365w, https:\/\/www.pvaphotography.cz\/wp-content\/uploads\/2019\/12\/DSC04143-upraven\u00fd-scaled.jpg 1707w\" sizes=\"auto, (max-width: 683px) 100vw, 683px\" \/><\/a><\/figure><\/li><li class=\"blocks-gallery-item\"><figure><a href=\"http:\/\/pvaphotography.cz\/wp-content\/uploads\/2019\/12\/DSC04013-upraven\u00fd-scaled.jpg\"><img loading=\"lazy\" decoding=\"async\" width=\"683\" height=\"1024\" src=\"http:\/\/pvaphotography.cz\/wp-content\/uploads\/2019\/12\/DSC04013-upraven\u00fd-683x1024.jpg\" alt=\"\" data-id=\"502\" data-full-url=\"http:\/\/pvaphotography.cz\/wp-content\/uploads\/2019\/12\/DSC04013-upraven\u00fd-scaled.jpg\" data-link=\"http:\/\/pvaphotography.cz\/uncategorized\/mensi-ukazka-z-vanocniho-foceni-se-svetylky-v-ramci-projektu-fotograf-az-do-domu\/attachment\/dsc04013-upraveny\/\" class=\"wp-image-502\" srcset=\"https:\/\/www.pvaphotography.cz\/wp-content\/uploads\/2019\/12\/DSC04013-upraven\u00fd-683x1024.jpg 683w, https:\/\/www.pvaphotography.cz\/wp-content\/uploads\/2019\/12\/DSC04013-upraven\u00fd-200x300.jpg 200w, https:\/\/www.pvaphotography.cz\/wp-content\/uploads\/2019\/12\/DSC04013-upraven\u00fd-768x1152.jpg 768w, https:\/\/www.pvaphotography.cz\/wp-content\/uploads\/2019\/12\/DSC04013-upraven\u00fd-1024x1536.jpg 1024w, https:\/\/www.pvaphotography.cz\/wp-content\/uploads\/2019\/12\/DSC04013-upraven\u00fd-1365x2048.jpg 1365w, https:\/\/www.pvaphotography.cz\/wp-content\/uploads\/2019\/12\/DSC04013-upraven\u00fd-scaled.jpg 1707w\" sizes=\"auto, (max-width: 683px) 100vw, 683px\" \/><\/a><\/figure><\/li><li class=\"blocks-gallery-item\"><figure><a href=\"http:\/\/pvaphotography.cz\/wp-content\/uploads\/2019\/12\/DSC03968-upraven\u00fd-scaled.jpg\"><img loading=\"lazy\" decoding=\"async\" width=\"683\" height=\"1024\" src=\"http:\/\/pvaphotography.cz\/wp-content\/uploads\/2019\/12\/DSC03968-upraven\u00fd-683x1024.jpg\" alt=\"\" data-id=\"501\" data-full-url=\"http:\/\/pvaphotography.cz\/wp-content\/uploads\/2019\/12\/DSC03968-upraven\u00fd-scaled.jpg\" data-link=\"http:\/\/pvaphotography.cz\/uncategorized\/mensi-ukazka-z-vanocniho-foceni-se-svetylky-v-ramci-projektu-fotograf-az-do-domu\/attachment\/dsc03968-upraveny\/\" class=\"wp-image-501\" srcset=\"https:\/\/www.pvaphotography.cz\/wp-content\/uploads\/2019\/12\/DSC03968-upraven\u00fd-683x1024.jpg 683w, https:\/\/www.pvaphotography.cz\/wp-content\/uploads\/2019\/12\/DSC03968-upraven\u00fd-200x300.jpg 200w, https:\/\/www.pvaphotography.cz\/wp-content\/uploads\/2019\/12\/DSC03968-upraven\u00fd-768x1152.jpg 768w, https:\/\/www.pvaphotography.cz\/wp-content\/uploads\/2019\/12\/DSC03968-upraven\u00fd-1024x1536.jpg 1024w, https:\/\/www.pvaphotography.cz\/wp-content\/uploads\/2019\/12\/DSC03968-upraven\u00fd-1365x2048.jpg 1365w, https:\/\/www.pvaphotography.cz\/wp-content\/uploads\/2019\/12\/DSC03968-upraven\u00fd-scaled.jpg 1707w\" sizes=\"auto, (max-width: 683px) 100vw, 683px\" \/><\/a><\/figure><\/li><li class=\"blocks-gallery-item\"><figure><a href=\"http:\/\/pvaphotography.cz\/wp-content\/uploads\/2020\/01\/DSC04242-upraven\u00fd-upraven\u00fd-scaled.jpg\"><img loading=\"lazy\" decoding=\"async\" width=\"716\" height=\"1024\" src=\"http:\/\/pvaphotography.cz\/wp-content\/uploads\/2020\/01\/DSC04242-upraven\u00fd-upraven\u00fd-716x1024.jpg\" alt=\"\" data-id=\"554\" data-full-url=\"http:\/\/pvaphotography.cz\/wp-content\/uploads\/2020\/01\/DSC04242-upraven\u00fd-upraven\u00fd-scaled.jpg\" data-link=\"http:\/\/pvaphotography.cz\/portfolio\/projekty\/fotograf-az-do-domu\/attachment\/dsc04242-upraveny-upraveny\/\" class=\"wp-image-554\" srcset=\"https:\/\/www.pvaphotography.cz\/wp-content\/uploads\/2020\/01\/DSC04242-upraven\u00fd-upraven\u00fd-716x1024.jpg 716w, https:\/\/www.pvaphotography.cz\/wp-content\/uploads\/2020\/01\/DSC04242-upraven\u00fd-upraven\u00fd-210x300.jpg 210w, https:\/\/www.pvaphotography.cz\/wp-content\/uploads\/2020\/01\/DSC04242-upraven\u00fd-upraven\u00fd-768x1099.jpg 768w, https:\/\/www.pvaphotography.cz\/wp-content\/uploads\/2020\/01\/DSC04242-upraven\u00fd-upraven\u00fd-1073x1536.jpg 1073w, https:\/\/www.pvaphotography.cz\/wp-content\/uploads\/2020\/01\/DSC04242-upraven\u00fd-upraven\u00fd-1431x2048.jpg 1431w, https:\/\/www.pvaphotography.cz\/wp-content\/uploads\/2020\/01\/DSC04242-upraven\u00fd-upraven\u00fd-scaled.jpg 1789w\" sizes=\"auto, (max-width: 716px) 100vw, 716px\" \/><\/a><\/figure><\/li><li class=\"blocks-gallery-item\"><figure><a href=\"http:\/\/pvaphotography.cz\/wp-content\/uploads\/2020\/01\/DSC04372-upraven\u00fd-scaled.jpg\"><img loading=\"lazy\" decoding=\"async\" width=\"1024\" height=\"821\" src=\"http:\/\/pvaphotography.cz\/wp-content\/uploads\/2020\/01\/DSC04372-upraven\u00fd-1024x821.jpg\" alt=\"\" data-id=\"555\" data-full-url=\"http:\/\/pvaphotography.cz\/wp-content\/uploads\/2020\/01\/DSC04372-upraven\u00fd-scaled.jpg\" data-link=\"http:\/\/pvaphotography.cz\/portfolio\/projekty\/fotograf-az-do-domu\/attachment\/dsc04372-upraveny\/\" class=\"wp-image-555\" srcset=\"https:\/\/www.pvaphotography.cz\/wp-content\/uploads\/2020\/01\/DSC04372-upraven\u00fd-1024x821.jpg 1024w, https:\/\/www.pvaphotography.cz\/wp-content\/uploads\/2020\/01\/DSC04372-upraven\u00fd-300x241.jpg 300w, https:\/\/www.pvaphotography.cz\/wp-content\/uploads\/2020\/01\/DSC04372-upraven\u00fd-768x616.jpg 768w, https:\/\/www.pvaphotography.cz\/wp-content\/uploads\/2020\/01\/DSC04372-upraven\u00fd-1536x1232.jpg 1536w, https:\/\/www.pvaphotography.cz\/wp-content\/uploads\/2020\/01\/DSC04372-upraven\u00fd-2048x1642.jpg 2048w\" sizes=\"auto, (max-width: 1024px) 100vw, 1024px\" \/><\/a><\/figure><\/li><\/ul><\/figure>\n<\/div><\/div>\n","protected":false},"excerpt":{"rendered":"","protected":false},"author":1,"featured_media":0,"parent":412,"menu_order":0,"comment_status":"closed","ping_status":"closed","template":"page-templates\/gallery-template.php","meta":{"footnotes":""},"class_list":["post-544","page","type-page","status-publish","hentry"],"_links":{"self":[{"href":"https:\/\/www.pvaphotography.cz\/index.php?rest_route=\/wp\/v2\/pages\/544","targetHints":{"allow":["GET"]}}],"collection":[{"href":"https:\/\/www.pvaphotography.cz\/index.php?rest_route=\/wp\/v2\/pages"}],"about":[{"href":"https:\/\/www.pvaphotography.cz\/index.php?rest_route=\/wp\/v2\/types\/page"}],"author":[{"embeddable":true,"href":"https:\/\/www.pvaphotography.cz\/index.php?rest_route=\/wp\/v2\/users\/1"}],"replies":[{"embeddable":true,"href":"https:\/\/www.pvaphotography.cz\/index.php?rest_route=%2Fwp%2Fv2%2Fcomments&post=544"}],"version-history":[{"count":5,"href":"https:\/\/www.pvaphotography.cz\/index.php?rest_route=\/wp\/v2\/pages\/544\/revisions"}],"predecessor-version":[{"id":1573,"href":"https:\/\/www.pvaphotography.cz\/index.php?rest_route=\/wp\/v2\/pages\/544\/revisions\/1573"}],"up":[{"embeddable":true,"href":"https:\/\/www.pvaphotography.cz\/index.php?rest_route=\/wp\/v2\/pages\/412"}],"wp:attachment":[{"href":"https:\/\/www.pvaphotography.cz\/index.php?rest_route=%2Fwp%2Fv2%2Fmedia&parent=544"}],"curies":[{"name":"wp","href":"https:\/\/api.w.org\/{rel}","templated":true}]}}