{"id":656,"date":"2020-01-06T18:53:34","date_gmt":"2020-01-06T18:53:34","guid":{"rendered":"http:\/\/pvaphotography.cz\/?page_id=656"},"modified":"2021-01-22T23:42:40","modified_gmt":"2021-01-22T23:42:40","slug":"zvirata","status":"publish","type":"page","link":"https:\/\/www.pvaphotography.cz\/?page_id=656","title":{"rendered":"ZV\u00cd\u0158\u00c1TKA"},"content":{"rendered":"","protected":false},"excerpt":{"rendered":"","protected":false},"author":1,"featured_media":0,"parent":222,"menu_order":0,"comment_status":"closed","ping_status":"closed","template":"page-templates\/gallery-template.php","meta":{"footnotes":""},"class_list":["post-656","page","type-page","status-publish","hentry"],"_links":{"self":[{"href":"https:\/\/www.pvaphotography.cz\/index.php?rest_route=\/wp\/v2\/pages\/656","targetHints":{"allow":["GET"]}}],"collection":[{"href":"https:\/\/www.pvaphotography.cz\/index.php?rest_route=\/wp\/v2\/pages"}],"about":[{"href":"https:\/\/www.pvaphotography.cz\/index.php?rest_route=\/wp\/v2\/types\/page"}],"author":[{"embeddable":true,"href":"https:\/\/www.pvaphotography.cz\/index.php?rest_route=\/wp\/v2\/users\/1"}],"replies":[{"embeddable":true,"href":"https:\/\/www.pvaphotography.cz\/index.php?rest_route=%2Fwp%2Fv2%2Fcomments&post=656"}],"version-history":[{"count":2,"href":"https:\/\/www.pvaphotography.cz\/index.php?rest_route=\/wp\/v2\/pages\/656\/revisions"}],"predecessor-version":[{"id":659,"href":"https:\/\/www.pvaphotography.cz\/index.php?rest_route=\/wp\/v2\/pages\/656\/revisions\/659"}],"up":[{"embeddable":true,"href":"https:\/\/www.pvaphotography.cz\/index.php?rest_route=\/wp\/v2\/pages\/222"}],"wp:attachment":[{"href":"https:\/\/www.pvaphotography.cz\/index.php?rest_route=%2Fwp%2Fv2%2Fmedia&parent=656"}],"curies":[{"name":"wp","href":"https:\/\/api.w.org\/{rel}","templated":true}]}}