{"id":88,"date":"2019-12-28T09:31:54","date_gmt":"2019-12-28T09:31:54","guid":{"rendered":"http:\/\/pvaphotography.cz\/?page_id=88"},"modified":"2025-07-26T18:42:29","modified_gmt":"2025-07-26T18:42:29","slug":"sluzby-a-ceny","status":"publish","type":"page","link":"https:\/\/www.pvaphotography.cz\/?page_id=88","title":{"rendered":"SLU\u017dBY A CENY"},"content":{"rendered":"\n<p><\/p>\n\n\n\n<h2 class=\"wp-block-heading\"><strong>Cen\u00edk za fotografov\u00e1n\u00ed<\/strong> (sezona z\u00e1\u0159\u00ed 2024 &#8211; z\u00e1\u0159\u00ed 2025)<\/h2>\n\n\n\n<p><\/p>\n\n\n\n<h3 class=\"wp-block-heading\">Svatebn\u00ed fotografov\u00e1n\u00ed<\/h3>\n\n\n\n<p><strong>Cena: 8.000 K\u010d<\/strong><\/p>\n\n\n\n<p>Svatebn\u00ed den je v\u017edy jen jeden a proto jej fot\u00edm formou report\u00e1\u017ee nejl\u00e9pe od probuzen\u00ed a\u017e po us\u00edn\u00e1n\u00ed. <\/p>\n\n\n\n<p>\u00daprava fotek v barevn\u00e9 i \u010dernob\u00edl\u00e9 variant\u011b dle p\u0159\u00e1n\u00ed klienta, doprava zahrnuta v cen\u011b<\/p>\n\n\n\n<h3 class=\"wp-block-heading\">Rodinn\u00e9, p\u00e1rov\u00e9, t\u011bhotensk\u00e9 fotografov\u00e1n\u00ed<\/h3>\n\n\n\n<p><strong>Cena:\u00a0800 K\u010d +\u00a050 K\u010d<\/strong>\u00a0za ka\u017edou jednu upravenou fotografii v barevn\u00e9m i \u010dernob\u00edl\u00e9m proveden\u00ed<\/p>\n\n\n\n<p>Lokace: Exteri\u00e9r, interi\u00e9r u klienta, dle domluvy<br>Doba fotografov\u00e1n\u00ed: 1 &#8211; 2h<\/p>\n\n\n\n<p>Bonus: P\u0159i v\u00fdb\u011bru nad 20 ks upraven\u00fdch fotografi\u00ed tisk 1ks fotografie A4 zdarma<\/p>\n\n\n\n<p><\/p>\n\n\n\n<h3 class=\"wp-block-heading\">Report\u00e1\u017en\u00ed fotografov\u00e1n\u00ed <\/h3>\n\n\n\n<p><strong>Cena: 2.000 K\u010d<\/strong> za 50 ks odevzdan\u00fdch fotografi\u00ed v barevn\u00e9m nebo \u010dernob\u00edl\u00e9m proveden\u00ed<br><\/p>\n\n\n\n<p>Lokace:  Exteri\u00e9r, interi\u00e9r u klienta, dle domluvy<br>Doba fotografov\u00e1n\u00ed: 1 &#8211; 3h<\/p>\n\n\n\n<p><\/p>\n\n\n\n<h3 class=\"wp-block-heading\">Portr\u00e9tn\u00ed fotografov\u00e1n\u00ed<\/h3>\n\n\n\n<p><strong>Cena:\u00a0500 K\u010d + 50 K\u010d\u00a0<\/strong>za ka\u017edou jednu upravenou fotografii v barevn\u00e9m i \u010dernob\u00edl\u00e9m proveden\u00ed s kompletn\u00ed retu\u0161\u00ed dle p\u0159\u00e1n\u00ed klienta<\/p>\n\n\n\n<p>Lokace:  Exteri\u00e9r,  interi\u00e9r u klienta, dle domluvy <br>Doba fotografov\u00e1n\u00ed: 1 &#8211; 2h<\/p>\n\n\n\n<p> Bonus: P\u0159i v\u00fdb\u011bru nad 20 ks upraven\u00fdch fotografi\u00ed tisk 1 ks fotografie A4 zdarma <\/p>\n\n\n\n<h3 class=\"wp-block-heading\">Reklamn\u00ed, komer\u010dn\u00ed a produktov\u00e1 fotografie<\/h3>\n\n\n\n<p><strong>Cena: 350 K\u010d\/ hod<\/strong><\/p>\n\n\n\n<p>Produktov\u00e9 a komer\u010dn\u00ed fotografie nen\u00ed nikdy dost, proto \u010d\u00edm v\u00edce fotek klient pot\u0159ebuje t\u00edm l\u00e9pe a sn\u00e1ze se budou upravovat<\/p>\n\n\n\n<p><\/p>\n\n\n\n<h2 class=\"wp-block-heading\"><strong>Cen\u00edk za video produkci<\/strong><\/h2>\n\n\n\n<p><strong>Cena: 350 K\u010d\/ hod<\/strong><\/p>\n\n\n\n<p>Nato\u010den\u00ed a vytvo\u0159en\u00ed videa dle p\u0159\u00e1n\u00ed z\u00e1kazn\u00edka<\/p>\n\n\n\n<p><\/p>\n\n\n\n<h3 class=\"wp-block-heading\">Cena za dopravu<\/h3>\n\n\n\n<p>Ze Sedla cesta tam i zp\u011bt 4 K\u010d\/km<\/p>\n\n\n\n<p><\/p>\n","protected":false},"excerpt":{"rendered":"<p>Cen\u00edk za fotografov\u00e1n\u00ed (sezona z\u00e1\u0159\u00ed 2024 &#8211; z\u00e1\u0159\u00ed 2025) Svatebn\u00ed fotografov\u00e1n\u00ed Cena: 8.000 K\u010d Svatebn\u00ed den je v\u017edy jen jeden a proto jej fot\u00edm formou&hellip; <\/p>\n","protected":false},"author":1,"featured_media":0,"parent":0,"menu_order":2,"comment_status":"closed","ping_status":"closed","template":"","meta":{"footnotes":""},"class_list":["post-88","page","type-page","status-publish","hentry"],"_links":{"self":[{"href":"https:\/\/www.pvaphotography.cz\/index.php?rest_route=\/wp\/v2\/pages\/88","targetHints":{"allow":["GET"]}}],"collection":[{"href":"https:\/\/www.pvaphotography.cz\/index.php?rest_route=\/wp\/v2\/pages"}],"about":[{"href":"https:\/\/www.pvaphotography.cz\/index.php?rest_route=\/wp\/v2\/types\/page"}],"author":[{"embeddable":true,"href":"https:\/\/www.pvaphotography.cz\/index.php?rest_route=\/wp\/v2\/users\/1"}],"replies":[{"embeddable":true,"href":"https:\/\/www.pvaphotography.cz\/index.php?rest_route=%2Fwp%2Fv2%2Fcomments&post=88"}],"version-history":[{"count":29,"href":"https:\/\/www.pvaphotography.cz\/index.php?rest_route=\/wp\/v2\/pages\/88\/revisions"}],"predecessor-version":[{"id":24483,"href":"https:\/\/www.pvaphotography.cz\/index.php?rest_route=\/wp\/v2\/pages\/88\/revisions\/24483"}],"wp:attachment":[{"href":"https:\/\/www.pvaphotography.cz\/index.php?rest_route=%2Fwp%2Fv2%2Fmedia&parent=88"}],"curies":[{"name":"wp","href":"https:\/\/api.w.org\/{rel}","templated":true}]}}