{"id":92,"date":"2019-12-28T09:32:17","date_gmt":"2019-12-28T09:32:17","guid":{"rendered":"http:\/\/pvaphotography.cz\/?page_id=92"},"modified":"2022-10-10T19:29:34","modified_gmt":"2022-10-10T19:29:34","slug":"reference","status":"publish","type":"page","link":"https:\/\/www.pvaphotography.cz\/?page_id=92","title":{"rendered":"REFERENCE"},"content":{"rendered":"\n<h5 class=\"wp-block-heading\" id=\"u_fetchstream_2_4\"><a href=\"https:\/\/business.facebook.com\/Catherine.Arcania?__tn__=%2CdlC-R-R&amp;eid=ARCJwIpOahaobJ39Gl2MPqwVL9aJQC2q4mUVjlM7QBzUUjd31gObAPQNM_LmMXsWcp66ie6BKGWZztkn&amp;hc_ref=ARSCzZuB79Hg5pylNOt77rSS1qJcfo8sNx4cc5M3BtrPhy7BVy3NXDaGd1Vkt-YvmNo&amp;ref=nf_target\">Cathe Rine<\/a>&nbsp;&nbsp;doporu\u010duje&nbsp;<a href=\"https:\/\/business.facebook.com\/Vaclav.Plch.fotograf\/?__tn__=%2CdkC-R-R&amp;eid=ARDTpy4SeJ82BvGLUH2l43oNr9LAbg46ddGNbuEzmhyzPDXCjVRrxyyAWgyNem0QBq2GL5lz86oHgW4t&amp;hc_ref=ARSCzZuB79Hg5pylNOt77rSS1qJcfo8sNx4cc5M3BtrPhy7BVy3NXDaGd1Vkt-YvmNo&amp;ref=nf_target&amp;fref=tag\">V\u00e1clav Plch &#8211; fotograf<\/a>.<\/h5>\n\n\n\n<p><a href=\"https:\/\/business.facebook.com\/Catherine.Arcania\/posts\/10205249308269116\"><abbr title=\"28.09.18 1:40\">28. z\u00e1\u0159\u00ed 2018<\/abbr><\/a><\/p>\n\n\n\n<p>Progresivn\u00ed p\u0159\u00edstup, chu\u0165 spolupracovat a n\u011bco tvo\u0159it. Dobr\u00e1 zku\u0161enost s fotografem i v\u00fdsledky spole\u010dn\u00e9 pr\u00e1ce. Doporu\u010duji.&nbsp;\ud83d\ude42<\/p>\n\n\n\n<p><\/p>\n\n\n\n<h5 class=\"wp-block-heading\" id=\"u_fetchstream_2_4\"><a href=\"https:\/\/www.facebook.com\/marie.b.tumova\/\" target=\"_blank\" rel=\"noreferrer noopener\">Marie T\u016fmov\u00e1<\/a>&nbsp;&nbsp;doporu\u010duje&nbsp;<a href=\"https:\/\/business.facebook.com\/Vaclav.Plch.fotograf\/?__tn__=%2CdkC-R-R&amp;eid=ARDTpy4SeJ82BvGLUH2l43oNr9LAbg46ddGNbuEzmhyzPDXCjVRrxyyAWgyNem0QBq2GL5lz86oHgW4t&amp;hc_ref=ARSCzZuB79Hg5pylNOt77rSS1qJcfo8sNx4cc5M3BtrPhy7BVy3NXDaGd1Vkt-YvmNo&amp;ref=nf_target&amp;fref=tag\">V\u00e1clav Plch &#8211; fotograf<\/a>.<\/h5>\n\n\n\n<p><a href=\"https:\/\/www.facebook.com\/marie.b.tumova\/\">26.ledna 2021<\/a><\/p>\n\n\n\n<p>P\u0159i focen\u00ed se v\u017edycky dob\u0159e bav\u00edm. A mohu b\u00fdt sama sebou. Bav\u00ed m\u011b vym\u00fd\u0161let bl\u00e1zniv\u00e9 v\u011bci a Va\u0161ek to podporuje.<\/p>\n\n\n\n<p><\/p>\n\n\n\n<h5 class=\"wp-block-heading\"><a href=\"https:\/\/www.facebook.com\/pavla.maresova.56\/\">Pavla Mare\u0161ov\u00e1<\/a> doporu\u010duje&nbsp;<a href=\"https:\/\/business.facebook.com\/Vaclav.Plch.fotograf\/?__tn__=%2CdkC-R-R&amp;eid=ARDTpy4SeJ82BvGLUH2l43oNr9LAbg46ddGNbuEzmhyzPDXCjVRrxyyAWgyNem0QBq2GL5lz86oHgW4t&amp;hc_ref=ARSCzZuB79Hg5pylNOt77rSS1qJcfo8sNx4cc5M3BtrPhy7BVy3NXDaGd1Vkt-YvmNo&amp;ref=nf_target&amp;fref=tag\">V\u00e1clav Plch &#8211; fotograf<\/a>.<\/h5>\n\n\n\n<p><a href=\"https:\/\/www.facebook.com\/pavla.maresova.56\/\">26.ledna 2021<\/a><\/p>\n\n\n\n<p>Luxusn\u00ed v\u00fdsledn\u00e9 fotografie, p\u016fvabn\u00e1 hra sv\u011btel a efekt\u016f profesionalita, skv\u011bl\u00fd p\u0159\u00edstup a p\u0159\u00e1telsk\u00e1 atmosf\u00e9ra, podpora ve chv\u00edl\u00edch nejistoty, motivace nechat ze sebe na fotku to nejlep\u0161\u00ed <img loading=\"lazy\" decoding=\"async\" height=\"16\" width=\"16\" src=\"https:\/\/static.xx.fbcdn.net\/images\/emoji.php\/v9\/t4c\/1\/16\/1f642.png\" alt=\"\ud83d\ude42\"><\/p>\n\n\n\n<p><\/p>\n\n\n\n<h5 class=\"wp-block-heading\" id=\"jsc_c_2\"><a rel=\"noreferrer noopener\" href=\"https:\/\/www.facebook.com\/magdula.benazzi?__cft__[0]=AZU10zV2DrvPBW84RdynCiuI_UyLcWsbMYRnXt8kprAdNS1hZa2pHTGjrCU0vUbnlfhOptLujrIFgS8unmT-_qe6sqCWnDYqT5km5A9fij4fkw&amp;__tn__=-]C%2CP-R\" target=\"_blank\">Maddalen Be<\/a>\u00a0\u00a0doporu\u010duje\u00a0<a rel=\"noreferrer noopener\" href=\"https:\/\/www.facebook.com\/pvaphotogaphy?__cft__[0]=AZU10zV2DrvPBW84RdynCiuI_UyLcWsbMYRnXt8kprAdNS1hZa2pHTGjrCU0vUbnlfhOptLujrIFgS8unmT-_qe6sqCWnDYqT5km5A9fij4fkw&amp;__tn__=-]C%2CP-R\" target=\"_blank\">PVA Photography<\/a>.<\/h5>\n\n\n\n<p><a href=\"https:\/\/www.facebook.com\/magdula.benazzi\/posts\/pfbid0BENKvGz8vtgFaRHafc8Gw1XZLvfzHqr8TQR4y8B5oht6o3eEcT1JetM3uBVpxH3Cl?__cft__[0]=AZU10zV2DrvPBW84RdynCiuI_UyLcWsbMYRnXt8kprAdNS1hZa2pHTGjrCU0vUbnlfhOptLujrIFgS8unmT-_qe6sqCWnDYqT5km5A9fij4fkw&amp;__tn__=%2CO%2CP-R\" target=\"_blank\" rel=\"noreferrer noopener\">23. z\u00e1\u0159\u00ed v 14:47<\/a>&nbsp;&nbsp;\u00b7&nbsp;<\/p>\n\n\n\n<p>V\u0161em moc doporu\u010duji. Kr\u00e1sn\u00e9 fotky, rychl\u00e9 dod\u00e1n\u00ed, super spolupr\u00e1ce. R\u00e1da op\u011bt zopakuji.<\/p>\n","protected":false},"excerpt":{"rendered":"<p>Cathe Rine&nbsp;&nbsp;doporu\u010duje&nbsp;V\u00e1clav Plch &#8211; fotograf. 28. z\u00e1\u0159\u00ed 2018 Progresivn\u00ed p\u0159\u00edstup, chu\u0165 spolupracovat a n\u011bco tvo\u0159it. Dobr\u00e1 zku\u0161enost s fotografem i v\u00fdsledky spole\u010dn\u00e9 pr\u00e1ce. Doporu\u010duji.&nbsp;\ud83d\ude42 Marie&hellip; <\/p>\n","protected":false},"author":1,"featured_media":0,"parent":0,"menu_order":3,"comment_status":"closed","ping_status":"closed","template":"","meta":{"footnotes":""},"class_list":["post-92","page","type-page","status-publish","hentry"],"_links":{"self":[{"href":"https:\/\/www.pvaphotography.cz\/index.php?rest_route=\/wp\/v2\/pages\/92","targetHints":{"allow":["GET"]}}],"collection":[{"href":"https:\/\/www.pvaphotography.cz\/index.php?rest_route=\/wp\/v2\/pages"}],"about":[{"href":"https:\/\/www.pvaphotography.cz\/index.php?rest_route=\/wp\/v2\/types\/page"}],"author":[{"embeddable":true,"href":"https:\/\/www.pvaphotography.cz\/index.php?rest_route=\/wp\/v2\/users\/1"}],"replies":[{"embeddable":true,"href":"https:\/\/www.pvaphotography.cz\/index.php?rest_route=%2Fwp%2Fv2%2Fcomments&post=92"}],"version-history":[{"count":12,"href":"https:\/\/www.pvaphotography.cz\/index.php?rest_route=\/wp\/v2\/pages\/92\/revisions"}],"predecessor-version":[{"id":16632,"href":"https:\/\/www.pvaphotography.cz\/index.php?rest_route=\/wp\/v2\/pages\/92\/revisions\/16632"}],"wp:attachment":[{"href":"https:\/\/www.pvaphotography.cz\/index.php?rest_route=%2Fwp%2Fv2%2Fmedia&parent=92"}],"curies":[{"name":"wp","href":"https:\/\/api.w.org\/{rel}","templated":true}]}}